{"id":950,"date":"2025-09-04T15:10:13","date_gmt":"2025-09-04T13:10:13","guid":{"rendered":"https:\/\/fifan.ch\/?page_id=950"},"modified":"2026-01-28T15:17:58","modified_gmt":"2026-01-28T14:17:58","slug":"informations-pratiques","status":"publish","type":"page","link":"https:\/\/fifan.ch\/en\/informations-pratiques\/","title":{"rendered":"Practical information"},"content":{"rendered":"<h2 class=\"wp-block-heading\">14th edition of the Festival International du Film d'Arch\u00e9ologie de Nyon (FIFAN)<\/h2>\n\n\n\n<figure class=\"wp-block-image size-large\"><img loading=\"lazy\" decoding=\"async\" width=\"1024\" height=\"587\" src=\"https:\/\/fifan.ch\/wp-content\/uploads\/2025\/09\/informations-pratiques-fifan2025-1024x587.png\" alt=\"\" class=\"wp-image-951\" srcset=\"https:\/\/fifan.ch\/wp-content\/uploads\/2025\/09\/informations-pratiques-fifan2025-1024x587.png 1024w, https:\/\/fifan.ch\/wp-content\/uploads\/2025\/09\/informations-pratiques-fifan2025-300x172.png 300w, https:\/\/fifan.ch\/wp-content\/uploads\/2025\/09\/informations-pratiques-fifan2025-768x441.png 768w, https:\/\/fifan.ch\/wp-content\/uploads\/2025\/09\/informations-pratiques-fifan2025-1536x881.png 1536w, https:\/\/fifan.ch\/wp-content\/uploads\/2025\/09\/informations-pratiques-fifan2025-2048x1175.png 2048w, https:\/\/fifan.ch\/wp-content\/uploads\/2025\/09\/informations-pratiques-fifan2025-18x10.png 18w, https:\/\/fifan.ch\/wp-content\/uploads\/2025\/09\/informations-pratiques-fifan2025.png 1516w\" sizes=\"auto, (max-width: 1024px) 100vw, 1024px\" \/><\/figure>\n\n\n\n<p>FIFAN 2025 offers you a week dedicated to archaeology through cinema, conferences, workshops and immersive experiences.<\/p>\n\n\n\n<div class=\"wp-block-buttons is-layout-flex wp-block-buttons-is-layout-flex\">\n<div class=\"wp-block-button\"><a class=\"wp-block-button__link wp-element-button\" href=\"https:\/\/fifan.ch\/en\/programme\/\">Full program<\/a><\/div>\n<\/div>\n\n\n\n<p>Subscribe to our newsletter to stay informed: <\/p>\n\n\n\n<div class=\"wp-block-buttons is-layout-flex wp-block-buttons-is-layout-flex\">\n<div class=\"wp-block-button\"><a class=\"wp-block-button__link wp-element-button\" href=\"https:\/\/fifan.ch\/en\/newsletter\/\">Newsletter<\/a><\/div>\n<\/div>\n\n\n\n<p>Follow our news on social networks:<\/p>\n\n\n\n<p><a href=\"https:\/\/www.instagram.com\/fifan_officiel\/\">Instagram<\/a><\/p>\n\n\n\n<p><a href=\"https:\/\/www.facebook.com\/festivalfilmarcheologienyon\/\">Facebook<\/a><\/p>\n\n\n\n<p><a href=\"https:\/\/www.linkedin.com\/company\/festival-international-du-film-d-arch%C3%A9ologie-de-nyon-fifan\/\">LinkedIn<\/a><\/p>\n\n\n\n<p>All FIFAN screenings and activities are free and open to all.<\/p>","protected":false},"excerpt":{"rendered":"<p>14e \u00e9dition du Festival International du Film d\u2019Arch\u00e9ologie de Nyon (FIFAN) Le FIFAN 2025 vous a propos\u00e9 une semaine d\u00e9di\u00e9e \u00e0 l\u2019arch\u00e9ologie \u00e0 travers le cin\u00e9ma, des conf\u00e9rences, des workshops et des exp\u00e9riences immersives. Inscrivez-vous \u00e0 notre newsletter pour rester inform\u00e9\u00b7e : Suivez toute notre actualit\u00e9 sur les r\u00e9seaux sociaux : Instagram Facebook LinkedIn Toutes [&hellip;]<\/p>\n","protected":false},"author":2,"featured_media":1026,"parent":0,"menu_order":0,"comment_status":"closed","ping_status":"closed","template":"","meta":{"_acf_changed":false,"footnotes":""},"class_list":["post-950","page","type-page","status-publish","has-post-thumbnail","hentry"],"acf":[],"yoast_head":"<!-- This site is optimized with the Yoast SEO plugin v27.3 - https:\/\/yoast.com\/product\/yoast-seo-wordpress\/ -->\n<title>Informations pratiques - FIFAN \u2013 Festival International du film d&#039;arch\u00e9ologie Nyon<\/title>\n<meta name=\"description\" content=\"Du 2 au 6 septembre 2025 \u00e0 l\u2019Usine \u00e0 Gaz, et le 7 septembre au Mus\u00e9e Romain de Nyon.\" \/>\n<meta name=\"robots\" content=\"index, follow, max-snippet:-1, max-image-preview:large, max-video-preview:-1\" \/>\n<link rel=\"canonical\" href=\"https:\/\/fifan.ch\/en\/informations-pratiques\/\" \/>\n<meta property=\"og:locale\" content=\"en_US\" \/>\n<meta property=\"og:type\" content=\"article\" \/>\n<meta property=\"og:title\" content=\"Informations pratiques - FIFAN \u2013 Festival International du film d&#039;arch\u00e9ologie Nyon\" \/>\n<meta property=\"og:description\" content=\"Du 2 au 6 septembre 2025 \u00e0 l\u2019Usine \u00e0 Gaz, et le 7 septembre au Mus\u00e9e Romain de Nyon.\" \/>\n<meta property=\"og:url\" content=\"https:\/\/fifan.ch\/en\/informations-pratiques\/\" \/>\n<meta property=\"og:site_name\" content=\"FIFAN \u2013 Festival International du film d&#039;arch\u00e9ologie Nyon\" \/>\n<meta property=\"article:publisher\" content=\"https:\/\/www.facebook.com\/festivalfilmarcheologienyon\" \/>\n<meta property=\"article:modified_time\" content=\"2026-01-28T14:17:58+00:00\" \/>\n<meta property=\"og:image\" content=\"https:\/\/fifan.ch\/wp-content\/uploads\/2026\/01\/2025_FIFAN_Photos_Jour_2_BBanon-00560_compressed-e1769609854688.jpg\" \/>\n\t<meta property=\"og:image:width\" content=\"1830\" \/>\n\t<meta property=\"og:image:height\" content=\"1194\" \/>\n\t<meta property=\"og:image:type\" content=\"image\/jpeg\" \/>\n<meta name=\"twitter:card\" content=\"summary_large_image\" \/>\n<meta name=\"twitter:label1\" content=\"Est. reading time\" \/>\n\t<meta name=\"twitter:data1\" content=\"1 minute\" \/>\n<script type=\"application\/ld+json\" class=\"yoast-schema-graph\">{\"@context\":\"https:\\\/\\\/schema.org\",\"@graph\":[{\"@type\":\"WebPage\",\"@id\":\"https:\\\/\\\/fifan.ch\\\/informations-pratiques\\\/\",\"url\":\"https:\\\/\\\/fifan.ch\\\/informations-pratiques\\\/\",\"name\":\"Informations pratiques - FIFAN \u2013 Festival International du film d&#039;arch\u00e9ologie Nyon\",\"isPartOf\":{\"@id\":\"https:\\\/\\\/fifan.ch\\\/#website\"},\"primaryImageOfPage\":{\"@id\":\"https:\\\/\\\/fifan.ch\\\/informations-pratiques\\\/#primaryimage\"},\"image\":{\"@id\":\"https:\\\/\\\/fifan.ch\\\/informations-pratiques\\\/#primaryimage\"},\"thumbnailUrl\":\"https:\\\/\\\/fifan.ch\\\/wp-content\\\/uploads\\\/2026\\\/01\\\/2025_FIFAN_Photos_Jour_2_BBanon-00560_compressed-e1769609854688.jpg\",\"datePublished\":\"2025-09-04T13:10:13+00:00\",\"dateModified\":\"2026-01-28T14:17:58+00:00\",\"description\":\"Du 2 au 6 septembre 2025 \u00e0 l\u2019Usine \u00e0 Gaz, et le 7 septembre au Mus\u00e9e Romain de Nyon.\",\"breadcrumb\":{\"@id\":\"https:\\\/\\\/fifan.ch\\\/informations-pratiques\\\/#breadcrumb\"},\"inLanguage\":\"en-US\",\"potentialAction\":[{\"@type\":\"ReadAction\",\"target\":[\"https:\\\/\\\/fifan.ch\\\/informations-pratiques\\\/\"]}]},{\"@type\":\"ImageObject\",\"inLanguage\":\"en-US\",\"@id\":\"https:\\\/\\\/fifan.ch\\\/informations-pratiques\\\/#primaryimage\",\"url\":\"https:\\\/\\\/fifan.ch\\\/wp-content\\\/uploads\\\/2026\\\/01\\\/2025_FIFAN_Photos_Jour_2_BBanon-00560_compressed-e1769609854688.jpg\",\"contentUrl\":\"https:\\\/\\\/fifan.ch\\\/wp-content\\\/uploads\\\/2026\\\/01\\\/2025_FIFAN_Photos_Jour_2_BBanon-00560_compressed-e1769609854688.jpg\",\"width\":1830,\"height\":1194,\"caption\":\"Photo Mus\u00e9e Romain de Nyon \u00a9 Benjamin Banon\"},{\"@type\":\"BreadcrumbList\",\"@id\":\"https:\\\/\\\/fifan.ch\\\/informations-pratiques\\\/#breadcrumb\",\"itemListElement\":[{\"@type\":\"ListItem\",\"position\":1,\"name\":\"Accueil\",\"item\":\"https:\\\/\\\/fifan.ch\\\/\"},{\"@type\":\"ListItem\",\"position\":2,\"name\":\"Informations pratiques\"}]},{\"@type\":\"WebSite\",\"@id\":\"https:\\\/\\\/fifan.ch\\\/#website\",\"url\":\"https:\\\/\\\/fifan.ch\\\/\",\"name\":\"FIFAN \u2013 Festival International du film d'arch\u00e9ologie Nyon\",\"description\":\"\",\"potentialAction\":[{\"@type\":\"SearchAction\",\"target\":{\"@type\":\"EntryPoint\",\"urlTemplate\":\"https:\\\/\\\/fifan.ch\\\/?s={search_term_string}\"},\"query-input\":{\"@type\":\"PropertyValueSpecification\",\"valueRequired\":true,\"valueName\":\"search_term_string\"}}],\"inLanguage\":\"en-US\"}]}<\/script>\n<!-- \/ Yoast SEO plugin. -->","yoast_head_json":{"title":"Practical information - FIFAN - Festival International du film d'arch\u00e9ologie Nyon","description":"From September 2 to 6, 2025 at the Usine \u00e0 Gaz, and on September 7 at the Mus\u00e9e Romain de Nyon.","robots":{"index":"index","follow":"follow","max-snippet":"max-snippet:-1","max-image-preview":"max-image-preview:large","max-video-preview":"max-video-preview:-1"},"canonical":"https:\/\/fifan.ch\/en\/informations-pratiques\/","og_locale":"en_US","og_type":"article","og_title":"Informations pratiques - FIFAN \u2013 Festival International du film d&#039;arch\u00e9ologie Nyon","og_description":"Du 2 au 6 septembre 2025 \u00e0 l\u2019Usine \u00e0 Gaz, et le 7 septembre au Mus\u00e9e Romain de Nyon.","og_url":"https:\/\/fifan.ch\/en\/informations-pratiques\/","og_site_name":"FIFAN \u2013 Festival International du film d&#039;arch\u00e9ologie Nyon","article_publisher":"https:\/\/www.facebook.com\/festivalfilmarcheologienyon","article_modified_time":"2026-01-28T14:17:58+00:00","og_image":[{"width":1830,"height":1194,"url":"https:\/\/fifan.ch\/wp-content\/uploads\/2026\/01\/2025_FIFAN_Photos_Jour_2_BBanon-00560_compressed-e1769609854688.jpg","type":"image\/jpeg"}],"twitter_card":"summary_large_image","twitter_misc":{"Est. reading time":"1 minute"},"schema":{"@context":"https:\/\/schema.org","@graph":[{"@type":"WebPage","@id":"https:\/\/fifan.ch\/informations-pratiques\/","url":"https:\/\/fifan.ch\/informations-pratiques\/","name":"Practical information - FIFAN - Festival International du film d'arch\u00e9ologie Nyon","isPartOf":{"@id":"https:\/\/fifan.ch\/#website"},"primaryImageOfPage":{"@id":"https:\/\/fifan.ch\/informations-pratiques\/#primaryimage"},"image":{"@id":"https:\/\/fifan.ch\/informations-pratiques\/#primaryimage"},"thumbnailUrl":"https:\/\/fifan.ch\/wp-content\/uploads\/2026\/01\/2025_FIFAN_Photos_Jour_2_BBanon-00560_compressed-e1769609854688.jpg","datePublished":"2025-09-04T13:10:13+00:00","dateModified":"2026-01-28T14:17:58+00:00","description":"From September 2 to 6, 2025 at the Usine \u00e0 Gaz, and on September 7 at the Mus\u00e9e Romain de Nyon.","breadcrumb":{"@id":"https:\/\/fifan.ch\/informations-pratiques\/#breadcrumb"},"inLanguage":"en-US","potentialAction":[{"@type":"ReadAction","target":["https:\/\/fifan.ch\/informations-pratiques\/"]}]},{"@type":"ImageObject","inLanguage":"en-US","@id":"https:\/\/fifan.ch\/informations-pratiques\/#primaryimage","url":"https:\/\/fifan.ch\/wp-content\/uploads\/2026\/01\/2025_FIFAN_Photos_Jour_2_BBanon-00560_compressed-e1769609854688.jpg","contentUrl":"https:\/\/fifan.ch\/wp-content\/uploads\/2026\/01\/2025_FIFAN_Photos_Jour_2_BBanon-00560_compressed-e1769609854688.jpg","width":1830,"height":1194,"caption":"Photo Mus\u00e9e Romain de Nyon \u00a9 Benjamin Banon"},{"@type":"BreadcrumbList","@id":"https:\/\/fifan.ch\/informations-pratiques\/#breadcrumb","itemListElement":[{"@type":"ListItem","position":1,"name":"Accueil","item":"https:\/\/fifan.ch\/"},{"@type":"ListItem","position":2,"name":"Informations pratiques"}]},{"@type":"WebSite","@id":"https:\/\/fifan.ch\/#website","url":"https:\/\/fifan.ch\/","name":"FIFAN - International Archaeology Film Festival Nyon","description":"","potentialAction":[{"@type":"SearchAction","target":{"@type":"EntryPoint","urlTemplate":"https:\/\/fifan.ch\/?s={search_term_string}"},"query-input":{"@type":"PropertyValueSpecification","valueRequired":true,"valueName":"search_term_string"}}],"inLanguage":"en-US"}]}},"_links":{"self":[{"href":"https:\/\/fifan.ch\/en\/wp-json\/wp\/v2\/pages\/950","targetHints":{"allow":["GET"]}}],"collection":[{"href":"https:\/\/fifan.ch\/en\/wp-json\/wp\/v2\/pages"}],"about":[{"href":"https:\/\/fifan.ch\/en\/wp-json\/wp\/v2\/types\/page"}],"author":[{"embeddable":true,"href":"https:\/\/fifan.ch\/en\/wp-json\/wp\/v2\/users\/2"}],"replies":[{"embeddable":true,"href":"https:\/\/fifan.ch\/en\/wp-json\/wp\/v2\/comments?post=950"}],"version-history":[{"count":15,"href":"https:\/\/fifan.ch\/en\/wp-json\/wp\/v2\/pages\/950\/revisions"}],"predecessor-version":[{"id":1005,"href":"https:\/\/fifan.ch\/en\/wp-json\/wp\/v2\/pages\/950\/revisions\/1005"}],"wp:featuredmedia":[{"embeddable":true,"href":"https:\/\/fifan.ch\/en\/wp-json\/wp\/v2\/media\/1026"}],"wp:attachment":[{"href":"https:\/\/fifan.ch\/en\/wp-json\/wp\/v2\/media?parent=950"}],"curies":[{"name":"wp","href":"https:\/\/api.w.org\/{rel}","templated":true}]}}