{"id":66,"date":"2025-04-07T15:09:44","date_gmt":"2025-04-07T13:09:44","guid":{"rendered":"https:\/\/fifan.localhost\/?page_id=66"},"modified":"2026-01-28T15:29:42","modified_gmt":"2026-01-28T14:29:42","slug":"medias","status":"publish","type":"page","link":"https:\/\/fifan.ch\/en\/medias\/","title":{"rendered":"Media"},"content":{"rendered":"<h2 class=\"wp-block-heading\"><br>PRESS REVIEW<\/h2>\n\n\n\n<h3 class=\"wp-block-heading\"><br><a href=\"https:\/\/fifan.ch\/wp-content\/uploads\/2022\/11\/LeCourrier-31mars21_FIFAN.pdf\">\"Diving into the mysteries of vanished cultures<\/a><br>LE COURRIER - MARCH 31, 2021<\/h3>\n\n\n\n<figure class=\"wp-block-image size-large\"><a href=\"https:\/\/fifan.ch\/wp-content\/uploads\/2022\/11\/LeCourrier-31mars21_FIFAN.pdf\"><img loading=\"lazy\" decoding=\"async\" width=\"1024\" height=\"615\" src=\"https:\/\/fifan.ch\/wp-content\/uploads\/2025\/05\/fifan_media_courrier_mars2021-1024x615.jpg\" alt=\"\" class=\"wp-image-380\" srcset=\"https:\/\/fifan.ch\/wp-content\/uploads\/2025\/05\/fifan_media_courrier_mars2021-1024x615.jpg 1024w, https:\/\/fifan.ch\/wp-content\/uploads\/2025\/05\/fifan_media_courrier_mars2021-300x180.jpg 300w, https:\/\/fifan.ch\/wp-content\/uploads\/2025\/05\/fifan_media_courrier_mars2021-1536x922.jpg 1536w, https:\/\/fifan.ch\/wp-content\/uploads\/2025\/05\/fifan_media_courrier_mars2021-2048x1230.jpg 2048w, https:\/\/fifan.ch\/wp-content\/uploads\/2025\/05\/fifan_media_courrier_mars2021-18x10.jpg 18w, https:\/\/fifan.ch\/wp-content\/uploads\/2025\/05\/fifan_media_courrier_mars2021.jpg 709w\" sizes=\"auto, (max-width: 1024px) 100vw, 1024px\" \/><\/a><\/figure>\n\n\n\n<div class=\"wp-block-buttons is-content-justification-center is-layout-flex wp-container-core-buttons-is-layout-16018d1d wp-block-buttons-is-layout-flex\">\n<div class=\"wp-block-button\"><a class=\"wp-block-button__link wp-element-button\" href=\"https:\/\/fifan.ch\/wp-content\/uploads\/2022\/11\/LeCourrier-31mars21_FIFAN.pdf\">View article<\/a><\/div>\n<\/div>\n\n\n\n<h3 class=\"wp-block-heading\"><a href=\"https:\/\/fifan.ch\/wp-content\/uploads\/2022\/11\/Echo-Magazine-14-2021-8-avril-2021-archedalliance.pdf\">\"New light on the story of the Ark of the Covenant\".<\/a><br>ECHO MAGAZINE - April 8, 2021<\/h3>\n\n\n\n<figure class=\"wp-block-image size-large\"><a href=\"https:\/\/fifan.ch\/wp-content\/uploads\/2022\/11\/Echo-Magazine-14-2021-8-avril-2021-archedalliance.pdf\"><img loading=\"lazy\" decoding=\"async\" width=\"1024\" height=\"576\" src=\"https:\/\/fifan.ch\/wp-content\/uploads\/2025\/05\/fifan_media_echomagazine_avril2021-1024x576.jpg\" alt=\"\" class=\"wp-image-387\" srcset=\"https:\/\/fifan.ch\/wp-content\/uploads\/2025\/05\/fifan_media_echomagazine_avril2021-1024x576.jpg 1024w, https:\/\/fifan.ch\/wp-content\/uploads\/2025\/05\/fifan_media_echomagazine_avril2021-300x168.jpg 300w, https:\/\/fifan.ch\/wp-content\/uploads\/2025\/05\/fifan_media_echomagazine_avril2021-1536x864.jpg 1536w, https:\/\/fifan.ch\/wp-content\/uploads\/2025\/05\/fifan_media_echomagazine_avril2021-2048x1152.jpg 2048w, https:\/\/fifan.ch\/wp-content\/uploads\/2025\/05\/fifan_media_echomagazine_avril2021-18x10.jpg 18w, https:\/\/fifan.ch\/wp-content\/uploads\/2025\/05\/fifan_media_echomagazine_avril2021.jpg 640w\" sizes=\"auto, (max-width: 1024px) 100vw, 1024px\" \/><\/a><\/figure>\n\n\n\n<div class=\"wp-block-buttons is-content-justification-center is-layout-flex wp-container-core-buttons-is-layout-16018d1d wp-block-buttons-is-layout-flex\">\n<div class=\"wp-block-button\"><a class=\"wp-block-button__link wp-element-button\" href=\"https:\/\/fifan.ch\/wp-content\/uploads\/2022\/11\/Echo-Magazine-14-2021-8-avril-2021-archedalliance.pdf\">View article<\/a><\/div>\n<\/div>\n\n\n\n<h3 class=\"wp-block-heading\"><br><a href=\"https:\/\/fifan.ch\/wp-content\/uploads\/2022\/11\/24heures%E2%80%9326mars2019-fifan.pdf\">\"Archaeology films have come a long way in twenty years\".<\/a><br>24 HOURS - MARCH 26, 2019<\/h3>\n\n\n\n<figure class=\"wp-block-image size-large\"><a href=\"https:\/\/fifan.ch\/wp-content\/uploads\/2022\/11\/24heures\u201326mars2019-fifan.pdf\"><img loading=\"lazy\" decoding=\"async\" width=\"1024\" height=\"750\" src=\"https:\/\/fifan.ch\/wp-content\/uploads\/2025\/05\/fifan_medias_24heures_mars2019-1024x750.png\" alt=\"\" class=\"wp-image-391\" srcset=\"https:\/\/fifan.ch\/wp-content\/uploads\/2025\/05\/fifan_medias_24heures_mars2019-1024x750.png 1024w, https:\/\/fifan.ch\/wp-content\/uploads\/2025\/05\/fifan_medias_24heures_mars2019-300x219.png 300w, https:\/\/fifan.ch\/wp-content\/uploads\/2025\/05\/fifan_medias_24heures_mars2019-1536x1126.png 1536w, https:\/\/fifan.ch\/wp-content\/uploads\/2025\/05\/fifan_medias_24heures_mars2019-2048x1501.png 2048w, https:\/\/fifan.ch\/wp-content\/uploads\/2025\/05\/fifan_medias_24heures_mars2019-16x12.png 16w, https:\/\/fifan.ch\/wp-content\/uploads\/2025\/05\/fifan_medias_24heures_mars2019.png 768w\" sizes=\"auto, (max-width: 1024px) 100vw, 1024px\" \/><\/a><\/figure>\n\n\n\n<div class=\"wp-block-buttons is-content-justification-center is-layout-flex wp-container-core-buttons-is-layout-16018d1d wp-block-buttons-is-layout-flex\">\n<div class=\"wp-block-button\"><a class=\"wp-block-button__link wp-element-button\" href=\"https:\/\/fifan.ch\/wp-content\/uploads\/2022\/11\/24heures\u201326mars2019-fifan.pdf\">View article<\/a><\/div>\n<\/div>\n\n\n\n<h3 class=\"wp-block-heading\"><br><a href=\"http:\/\/www.lindependant.fr\/2017\/04\/03\/deux-films-narbonnais-primes-au-festival-international-d-archeologie,3002185.php\">\"Narbonne: two films win awards at the International Archaeology Festival \"<\/a> <br>L'IND\u00c9PENDANT.FR - APRIL 3, 2017<\/h3>\n\n\n\n<figure class=\"wp-block-image size-large\"><a href=\"http:\/\/www.lindependant.fr\/2017\/04\/03\/deux-films-narbonnais-primes-au-festival-international-d-archeologie,3002185.php\"><img loading=\"lazy\" decoding=\"async\" width=\"1024\" height=\"575\" src=\"https:\/\/fifan.ch\/wp-content\/uploads\/2025\/05\/fifan_medias_lindependant_avril2017-1024x575.png\" alt=\"\" class=\"wp-image-395\" srcset=\"https:\/\/fifan.ch\/wp-content\/uploads\/2025\/05\/fifan_medias_lindependant_avril2017-1024x575.png 1024w, https:\/\/fifan.ch\/wp-content\/uploads\/2025\/05\/fifan_medias_lindependant_avril2017-300x168.png 300w, https:\/\/fifan.ch\/wp-content\/uploads\/2025\/05\/fifan_medias_lindependant_avril2017-1536x862.png 1536w, https:\/\/fifan.ch\/wp-content\/uploads\/2025\/05\/fifan_medias_lindependant_avril2017-2048x1150.png 2048w, https:\/\/fifan.ch\/wp-content\/uploads\/2025\/05\/fifan_medias_lindependant_avril2017-18x10.png 18w, https:\/\/fifan.ch\/wp-content\/uploads\/2025\/05\/fifan_medias_lindependant_avril2017.png 680w\" sizes=\"auto, (max-width: 1024px) 100vw, 1024px\" \/><\/a><\/figure>\n\n\n\n<div class=\"wp-block-buttons is-content-justification-center is-layout-flex wp-container-core-buttons-is-layout-16018d1d wp-block-buttons-is-layout-flex\">\n<div class=\"wp-block-button\"><a class=\"wp-block-button__link wp-element-button\" href=\"http:\/\/www.lindependant.fr\/2017\/04\/03\/deux-films-narbonnais-primes-au-festival-international-d-archeologie,3002185.php\">View article<\/a><\/div>\n<\/div>\n\n\n\n<h3 class=\"wp-block-heading\"><br><a href=\"http:\/\/www.tdg.ch\/culture\/cinema\/archeologie-decline-desormais-films-3d\/story\/12236310\">\"Archaeology now available in 3D films<\/a> <br>TRIBUNE DE GEN\u00c8VE- MARCH 21, 2017<\/h3>\n\n\n\n<figure class=\"wp-block-image size-large\"><a href=\"https:\/\/www.tdg.ch\/larcheologie-se-decline-desormais-en-films-3d-700351213494\"><img loading=\"lazy\" decoding=\"async\" width=\"1024\" height=\"683\" src=\"https:\/\/fifan.ch\/wp-content\/uploads\/2025\/05\/fifan_medias_tribunedegeneve_mars2017-1024x683.webp\" alt=\"\" class=\"wp-image-398\" srcset=\"https:\/\/fifan.ch\/wp-content\/uploads\/2025\/05\/fifan_medias_tribunedegeneve_mars2017-1024x683.webp 1024w, https:\/\/fifan.ch\/wp-content\/uploads\/2025\/05\/fifan_medias_tribunedegeneve_mars2017-300x200.webp 300w, https:\/\/fifan.ch\/wp-content\/uploads\/2025\/05\/fifan_medias_tribunedegeneve_mars2017-1536x1024.webp 1536w, https:\/\/fifan.ch\/wp-content\/uploads\/2025\/05\/fifan_medias_tribunedegeneve_mars2017-2048x1366.webp 2048w, https:\/\/fifan.ch\/wp-content\/uploads\/2025\/05\/fifan_medias_tribunedegeneve_mars2017-17x12.webp 17w, https:\/\/fifan.ch\/wp-content\/uploads\/2025\/05\/fifan_medias_tribunedegeneve_mars2017.webp 640w\" sizes=\"auto, (max-width: 1024px) 100vw, 1024px\" \/><\/a><\/figure>\n\n\n\n<div class=\"wp-block-buttons is-content-justification-center is-layout-flex wp-container-core-buttons-is-layout-16018d1d wp-block-buttons-is-layout-flex\">\n<div class=\"wp-block-button\"><a class=\"wp-block-button__link wp-element-button\" href=\"https:\/\/www.tdg.ch\/larcheologie-se-decline-desormais-en-films-3d-700351213494\">View article<\/a><\/div>\n<\/div>\n\n\n\n<h3 class=\"wp-block-heading\"><br><a href=\"http:\/\/www.bilan.ch\/etienne-dumont\/courants-dart\/nyonle-festival-film-darcheologie-aura-lieu-21-25-mars\">\"NYON \/ The Archaeology Film Festival takes place from March 21 to 25 \"<\/a><br>REVIEW- MARCH 17, 2017<\/h3>\n\n\n\n<figure class=\"wp-block-image size-large\"><a href=\"http:\/\/www.bilan.ch\/etienne-dumont\/courants-dart\/nyonle-festival-film-darcheologie-aura-lieu-21-25-mars\"><img loading=\"lazy\" decoding=\"async\" width=\"1024\" height=\"682\" src=\"https:\/\/fifan.ch\/wp-content\/uploads\/2025\/05\/fifan_medias_bilan_mars2017-1-1024x682.jpg\" alt=\"\" class=\"wp-image-397\" srcset=\"https:\/\/fifan.ch\/wp-content\/uploads\/2025\/05\/fifan_medias_bilan_mars2017-1-1024x682.jpg 1024w, https:\/\/fifan.ch\/wp-content\/uploads\/2025\/05\/fifan_medias_bilan_mars2017-1-300x200.jpg 300w, https:\/\/fifan.ch\/wp-content\/uploads\/2025\/05\/fifan_medias_bilan_mars2017-1-1536x1024.jpg 1536w, https:\/\/fifan.ch\/wp-content\/uploads\/2025\/05\/fifan_medias_bilan_mars2017-1-2048x1365.jpg 2048w, https:\/\/fifan.ch\/wp-content\/uploads\/2025\/05\/fifan_medias_bilan_mars2017-1-18x12.jpg 18w, https:\/\/fifan.ch\/wp-content\/uploads\/2025\/05\/fifan_medias_bilan_mars2017-1.jpg 675w\" sizes=\"auto, (max-width: 1024px) 100vw, 1024px\" \/><\/a><\/figure>\n\n\n\n<div class=\"wp-block-buttons is-content-justification-center is-layout-flex wp-container-core-buttons-is-layout-16018d1d wp-block-buttons-is-layout-flex\">\n<div class=\"wp-block-button\"><a class=\"wp-block-button__link wp-element-button\" href=\"http:\/\/www.bilan.ch\/etienne-dumont\/courants-dart\/nyonle-festival-film-darcheologie-aura-lieu-21-25-mars\">View article<\/a><\/div>\n<\/div>\n\n\n\n<h3 class=\"wp-block-heading\"><br><a href=\"https:\/\/www.loisirs.ch\/agendas\/3553\/festival-du-film-d-archeologie-de-nyon-2017\">\"From March 21 to 25, 2017, 10th edition of the documentary festival \"<\/a> <br>LOISIRS.CH - MARCH 16, 2017<\/h3>\n\n\n\n<figure class=\"wp-block-image size-large\"><a href=\"https:\/\/www.loisirs.ch\/agendas\/3553\/festival-du-film-d-archeologie-de-nyon-2017\"><img loading=\"lazy\" decoding=\"async\" width=\"724\" height=\"1024\" src=\"https:\/\/fifan.ch\/wp-content\/uploads\/2025\/05\/fifan_medias_loisirs.ch_mars2017-724x1024.jpg\" alt=\"\" class=\"wp-image-400\" srcset=\"https:\/\/fifan.ch\/wp-content\/uploads\/2025\/05\/fifan_medias_loisirs.ch_mars2017.jpg 724w, https:\/\/fifan.ch\/wp-content\/uploads\/2025\/05\/fifan_medias_loisirs.ch_mars2017-212x300.jpg 212w, https:\/\/fifan.ch\/wp-content\/uploads\/2025\/05\/fifan_medias_loisirs.ch_mars2017-1086x1536.jpg 1086w, https:\/\/fifan.ch\/wp-content\/uploads\/2025\/05\/fifan_medias_loisirs.ch_mars2017-1448x2048.jpg 1448w, https:\/\/fifan.ch\/wp-content\/uploads\/2025\/05\/fifan_medias_loisirs.ch_mars2017-8x12.jpg 8w\" sizes=\"auto, (max-width: 724px) 100vw, 724px\" \/><\/a><\/figure>\n\n\n\n<div class=\"wp-block-buttons is-content-justification-center is-layout-flex wp-container-core-buttons-is-layout-16018d1d wp-block-buttons-is-layout-flex\">\n<div class=\"wp-block-button\"><a class=\"wp-block-button__link wp-element-button\" href=\"https:\/\/www.loisirs.ch\/agendas\/3553\/festival-du-film-d-archeologie-de-nyon-2017\">View article<\/a><\/div>\n<\/div>\n\n\n\n<h3 class=\"wp-block-heading\"><br><a href=\"http:\/\/www.lacote.ch\/articles\/regions\/district-de-nyon\/nyon-le-numerique-au-festival-du-cinema-archeologique-649929\">\"Nyon: digital focus at the archaeological film festival<\/a><br>LA C\u00d4TE - MARCH 16, 2017<\/h3>\n\n\n\n<figure class=\"wp-block-image size-large\"><a href=\"http:\/\/www.lacote.ch\/articles\/regions\/district-de-nyon\/nyon-le-numerique-au-festival-du-cinema-archeologique-649929\"><img loading=\"lazy\" decoding=\"async\" width=\"1024\" height=\"684\" src=\"https:\/\/fifan.ch\/wp-content\/uploads\/2025\/05\/fifan_medias_lacote_mars2017-1024x684.jpg\" alt=\"\" class=\"wp-image-401\" srcset=\"https:\/\/fifan.ch\/wp-content\/uploads\/2025\/05\/fifan_medias_lacote_mars2017-1024x684.jpg 1024w, https:\/\/fifan.ch\/wp-content\/uploads\/2025\/05\/fifan_medias_lacote_mars2017-300x200.jpg 300w, https:\/\/fifan.ch\/wp-content\/uploads\/2025\/05\/fifan_medias_lacote_mars2017-1536x1026.jpg 1536w, https:\/\/fifan.ch\/wp-content\/uploads\/2025\/05\/fifan_medias_lacote_mars2017-2048x1368.jpg 2048w, https:\/\/fifan.ch\/wp-content\/uploads\/2025\/05\/fifan_medias_lacote_mars2017-17x12.jpg 17w, https:\/\/fifan.ch\/wp-content\/uploads\/2025\/05\/fifan_medias_lacote_mars2017.jpg 768w\" sizes=\"auto, (max-width: 1024px) 100vw, 1024px\" \/><\/a><\/figure>\n\n\n\n<div class=\"wp-block-buttons is-content-justification-center is-layout-flex wp-container-core-buttons-is-layout-16018d1d wp-block-buttons-is-layout-flex\">\n<div class=\"wp-block-button\"><a class=\"wp-block-button__link wp-element-button\" href=\"http:\/\/www.lacote.ch\/articles\/regions\/district-de-nyon\/nyon-le-numerique-au-festival-du-cinema-archeologique-649929\">View article<\/a><\/div>\n<\/div>\n\n\n\n<h3 class=\"wp-block-heading\"><br><br>NYON R\u00c9GION T\u00c9L\u00c9VISION - ART O'BAZ MARCH 12, 2015<\/h3>\n\n\n\n<figure class=\"wp-block-video\"><video controls src=\"https:\/\/dai.ly\/x2jbtb9\"><\/video><\/figure>\n\n\n\n<h3 class=\"wp-block-heading\"><br>NYON R\u00c9GION T\u00c9L\u00c9VISION - ART O'BAZ MARCH 21, 2013<\/h3>\n\n\n\n<figure class=\"wp-block-embed is-type-video is-provider-dailymotion wp-block-embed-dailymotion\"><div class=\"wp-block-embed__wrapper\">\n<iframe loading=\"lazy\" title=\"Art O&#039;Baz - Your cultural magazine from March 21, 2013\" frameborder=\"0\" width=\"500\" height=\"283\" src=\"https:\/\/geo.dailymotion.com\/player.html?video=xydjs6&#038;\" allowfullscreen allow=\"autoplay; fullscreen; picture-in-picture; web-share\"><\/iframe>\n<\/div><\/figure>","protected":false},"excerpt":{"rendered":"<p>REVUE DE PRESSE \u00ab&nbsp;Plong\u00e9e dans les myst\u00e9rieuses cultures disparues&nbsp;\u00bbLE COURRIER \u2013 31 MARS 2021 \u00ab&nbsp;Nouvelles lumi\u00e8res sur le r\u00e9cit de l\u2019Arche d\u2019alliance&nbsp;\u00bb\u00c9CHO MAGAZINE \u2013 8 avril 2021 \u00ab&nbsp;Le film d\u2019arch\u00e9ologie a beaucoup \u00e9volu\u00e9 en vingt ans&nbsp;\u00bb24 HEURES \u2013 26 MARS 2019 \u00ab&nbsp;Narbonne: deux films prim\u00e9s au Festival international d\u2019arch\u00e9ologie&nbsp;\u00bb L\u2019IND\u00c9PENDANT.FR \u2013 3 AVRIL 2017 \u00ab&nbsp;L\u2019arch\u00e9ologie [&hellip;]<\/p>\n","protected":false},"author":1,"featured_media":539,"parent":0,"menu_order":0,"comment_status":"closed","ping_status":"closed","template":"","meta":{"_acf_changed":false,"footnotes":""},"class_list":["post-66","page","type-page","status-publish","has-post-thumbnail","hentry"],"acf":[],"yoast_head":"<!-- This site is optimized with the Yoast SEO plugin v27.4 - https:\/\/yoast.com\/product\/yoast-seo-wordpress\/ -->\n<title>M\u00e9dias - FIFAN \u2013 Festival International du film d&#039;arch\u00e9ologie Nyon<\/title>\n<meta name=\"robots\" content=\"index, follow, max-snippet:-1, max-image-preview:large, max-video-preview:-1\" \/>\n<link rel=\"canonical\" href=\"https:\/\/fifan.ch\/en\/medias\/\" \/>\n<meta property=\"og:locale\" content=\"en_US\" \/>\n<meta property=\"og:type\" content=\"article\" \/>\n<meta property=\"og:title\" content=\"M\u00e9dias - FIFAN \u2013 Festival International du film d&#039;arch\u00e9ologie Nyon\" \/>\n<meta property=\"og:description\" content=\"REVUE DE PRESSE \u00ab&nbsp;Plong\u00e9e dans les myst\u00e9rieuses cultures disparues&nbsp;\u00bbLE COURRIER \u2013 31 MARS 2021 \u00ab&nbsp;Nouvelles lumi\u00e8res sur le r\u00e9cit de l\u2019Arche d\u2019alliance&nbsp;\u00bb\u00c9CHO MAGAZINE \u2013 8 avril 2021 \u00ab&nbsp;Le film d\u2019arch\u00e9ologie a beaucoup \u00e9volu\u00e9 en vingt ans&nbsp;\u00bb24 HEURES \u2013 26 MARS 2019 \u00ab&nbsp;Narbonne: deux films prim\u00e9s au Festival international d\u2019arch\u00e9ologie&nbsp;\u00bb L\u2019IND\u00c9PENDANT.FR \u2013 3 AVRIL 2017 \u00ab&nbsp;L\u2019arch\u00e9ologie [&hellip;]\" \/>\n<meta property=\"og:url\" content=\"https:\/\/fifan.ch\/en\/medias\/\" \/>\n<meta property=\"og:site_name\" content=\"FIFAN \u2013 Festival International du film d&#039;arch\u00e9ologie Nyon\" \/>\n<meta property=\"article:publisher\" content=\"https:\/\/www.facebook.com\/festivalfilmarcheologienyon\" \/>\n<meta property=\"article:modified_time\" content=\"2026-01-28T14:29:42+00:00\" \/>\n<meta property=\"og:image\" content=\"https:\/\/fifan.ch\/wp-content\/uploads\/2025\/05\/Medias_MRN_Photos-Federal-Studio-Regis-Golay-5-scaled-e1769610571534.jpg\" \/>\n\t<meta property=\"og:image:width\" content=\"1610\" \/>\n\t<meta property=\"og:image:height\" content=\"905\" \/>\n\t<meta property=\"og:image:type\" content=\"image\/jpeg\" \/>\n<meta name=\"twitter:card\" content=\"summary_large_image\" \/>\n<meta name=\"twitter:label1\" content=\"Est. reading time\" \/>\n\t<meta name=\"twitter:data1\" content=\"3 minutes\" \/>\n<script type=\"application\/ld+json\" class=\"yoast-schema-graph\">{\"@context\":\"https:\\\/\\\/schema.org\",\"@graph\":[{\"@type\":\"WebPage\",\"@id\":\"https:\\\/\\\/fifan.ch\\\/medias\\\/\",\"url\":\"https:\\\/\\\/fifan.ch\\\/medias\\\/\",\"name\":\"M\u00e9dias - FIFAN \u2013 Festival International du film d&#039;arch\u00e9ologie Nyon\",\"isPartOf\":{\"@id\":\"https:\\\/\\\/fifan.ch\\\/#website\"},\"primaryImageOfPage\":{\"@id\":\"https:\\\/\\\/fifan.ch\\\/medias\\\/#primaryimage\"},\"image\":{\"@id\":\"https:\\\/\\\/fifan.ch\\\/medias\\\/#primaryimage\"},\"thumbnailUrl\":\"https:\\\/\\\/fifan.ch\\\/wp-content\\\/uploads\\\/2025\\\/05\\\/Medias_MRN_Photos-Federal-Studio-Regis-Golay-5-scaled-e1769610571534.jpg\",\"datePublished\":\"2025-04-07T13:09:44+00:00\",\"dateModified\":\"2026-01-28T14:29:42+00:00\",\"breadcrumb\":{\"@id\":\"https:\\\/\\\/fifan.ch\\\/medias\\\/#breadcrumb\"},\"inLanguage\":\"en-US\",\"potentialAction\":[{\"@type\":\"ReadAction\",\"target\":[\"https:\\\/\\\/fifan.ch\\\/medias\\\/\"]}]},{\"@type\":\"ImageObject\",\"inLanguage\":\"en-US\",\"@id\":\"https:\\\/\\\/fifan.ch\\\/medias\\\/#primaryimage\",\"url\":\"https:\\\/\\\/fifan.ch\\\/wp-content\\\/uploads\\\/2025\\\/05\\\/Medias_MRN_Photos-Federal-Studio-Regis-Golay-5-scaled-e1769610571534.jpg\",\"contentUrl\":\"https:\\\/\\\/fifan.ch\\\/wp-content\\\/uploads\\\/2025\\\/05\\\/Medias_MRN_Photos-Federal-Studio-Regis-Golay-5-scaled-e1769610571534.jpg\",\"width\":1610,\"height\":905,\"caption\":\"\u00a9 Federal Studio, Re\u0301gis Golay\"},{\"@type\":\"BreadcrumbList\",\"@id\":\"https:\\\/\\\/fifan.ch\\\/medias\\\/#breadcrumb\",\"itemListElement\":[{\"@type\":\"ListItem\",\"position\":1,\"name\":\"Accueil\",\"item\":\"https:\\\/\\\/fifan.ch\\\/\"},{\"@type\":\"ListItem\",\"position\":2,\"name\":\"M\u00e9dias\"}]},{\"@type\":\"WebSite\",\"@id\":\"https:\\\/\\\/fifan.ch\\\/#website\",\"url\":\"https:\\\/\\\/fifan.ch\\\/\",\"name\":\"FIFAN \u2013 Festival International du film d'arch\u00e9ologie Nyon\",\"description\":\"\",\"potentialAction\":[{\"@type\":\"SearchAction\",\"target\":{\"@type\":\"EntryPoint\",\"urlTemplate\":\"https:\\\/\\\/fifan.ch\\\/?s={search_term_string}\"},\"query-input\":{\"@type\":\"PropertyValueSpecification\",\"valueRequired\":true,\"valueName\":\"search_term_string\"}}],\"inLanguage\":\"en-US\"}]}<\/script>\n<!-- \/ Yoast SEO plugin. -->","yoast_head_json":{"title":"Media - FIFAN - Nyon International Archaeology Film Festival","robots":{"index":"index","follow":"follow","max-snippet":"max-snippet:-1","max-image-preview":"max-image-preview:large","max-video-preview":"max-video-preview:-1"},"canonical":"https:\/\/fifan.ch\/en\/medias\/","og_locale":"en_US","og_type":"article","og_title":"M\u00e9dias - FIFAN \u2013 Festival International du film d&#039;arch\u00e9ologie Nyon","og_description":"REVUE DE PRESSE \u00ab&nbsp;Plong\u00e9e dans les myst\u00e9rieuses cultures disparues&nbsp;\u00bbLE COURRIER \u2013 31 MARS 2021 \u00ab&nbsp;Nouvelles lumi\u00e8res sur le r\u00e9cit de l\u2019Arche d\u2019alliance&nbsp;\u00bb\u00c9CHO MAGAZINE \u2013 8 avril 2021 \u00ab&nbsp;Le film d\u2019arch\u00e9ologie a beaucoup \u00e9volu\u00e9 en vingt ans&nbsp;\u00bb24 HEURES \u2013 26 MARS 2019 \u00ab&nbsp;Narbonne: deux films prim\u00e9s au Festival international d\u2019arch\u00e9ologie&nbsp;\u00bb L\u2019IND\u00c9PENDANT.FR \u2013 3 AVRIL 2017 \u00ab&nbsp;L\u2019arch\u00e9ologie [&hellip;]","og_url":"https:\/\/fifan.ch\/en\/medias\/","og_site_name":"FIFAN \u2013 Festival International du film d&#039;arch\u00e9ologie Nyon","article_publisher":"https:\/\/www.facebook.com\/festivalfilmarcheologienyon","article_modified_time":"2026-01-28T14:29:42+00:00","og_image":[{"width":1610,"height":905,"url":"https:\/\/fifan.ch\/wp-content\/uploads\/2025\/05\/Medias_MRN_Photos-Federal-Studio-Regis-Golay-5-scaled-e1769610571534.jpg","type":"image\/jpeg"}],"twitter_card":"summary_large_image","twitter_misc":{"Est. reading time":"3 minutes"},"schema":{"@context":"https:\/\/schema.org","@graph":[{"@type":"WebPage","@id":"https:\/\/fifan.ch\/medias\/","url":"https:\/\/fifan.ch\/medias\/","name":"Media - FIFAN - Nyon International Archaeology Film Festival","isPartOf":{"@id":"https:\/\/fifan.ch\/#website"},"primaryImageOfPage":{"@id":"https:\/\/fifan.ch\/medias\/#primaryimage"},"image":{"@id":"https:\/\/fifan.ch\/medias\/#primaryimage"},"thumbnailUrl":"https:\/\/fifan.ch\/wp-content\/uploads\/2025\/05\/Medias_MRN_Photos-Federal-Studio-Regis-Golay-5-scaled-e1769610571534.jpg","datePublished":"2025-04-07T13:09:44+00:00","dateModified":"2026-01-28T14:29:42+00:00","breadcrumb":{"@id":"https:\/\/fifan.ch\/medias\/#breadcrumb"},"inLanguage":"en-US","potentialAction":[{"@type":"ReadAction","target":["https:\/\/fifan.ch\/medias\/"]}]},{"@type":"ImageObject","inLanguage":"en-US","@id":"https:\/\/fifan.ch\/medias\/#primaryimage","url":"https:\/\/fifan.ch\/wp-content\/uploads\/2025\/05\/Medias_MRN_Photos-Federal-Studio-Regis-Golay-5-scaled-e1769610571534.jpg","contentUrl":"https:\/\/fifan.ch\/wp-content\/uploads\/2025\/05\/Medias_MRN_Photos-Federal-Studio-Regis-Golay-5-scaled-e1769610571534.jpg","width":1610,"height":905,"caption":"\u00a9 Federal Studio, Re\u0301gis Golay"},{"@type":"BreadcrumbList","@id":"https:\/\/fifan.ch\/medias\/#breadcrumb","itemListElement":[{"@type":"ListItem","position":1,"name":"Accueil","item":"https:\/\/fifan.ch\/"},{"@type":"ListItem","position":2,"name":"M\u00e9dias"}]},{"@type":"WebSite","@id":"https:\/\/fifan.ch\/#website","url":"https:\/\/fifan.ch\/","name":"FIFAN - International Archaeology Film Festival Nyon","description":"","potentialAction":[{"@type":"SearchAction","target":{"@type":"EntryPoint","urlTemplate":"https:\/\/fifan.ch\/?s={search_term_string}"},"query-input":{"@type":"PropertyValueSpecification","valueRequired":true,"valueName":"search_term_string"}}],"inLanguage":"en-US"}]}},"_links":{"self":[{"href":"https:\/\/fifan.ch\/en\/wp-json\/wp\/v2\/pages\/66","targetHints":{"allow":["GET"]}}],"collection":[{"href":"https:\/\/fifan.ch\/en\/wp-json\/wp\/v2\/pages"}],"about":[{"href":"https:\/\/fifan.ch\/en\/wp-json\/wp\/v2\/types\/page"}],"author":[{"embeddable":true,"href":"https:\/\/fifan.ch\/en\/wp-json\/wp\/v2\/users\/1"}],"replies":[{"embeddable":true,"href":"https:\/\/fifan.ch\/en\/wp-json\/wp\/v2\/comments?post=66"}],"version-history":[{"count":15,"href":"https:\/\/fifan.ch\/en\/wp-json\/wp\/v2\/pages\/66\/revisions"}],"predecessor-version":[{"id":480,"href":"https:\/\/fifan.ch\/en\/wp-json\/wp\/v2\/pages\/66\/revisions\/480"}],"wp:featuredmedia":[{"embeddable":true,"href":"https:\/\/fifan.ch\/en\/wp-json\/wp\/v2\/media\/539"}],"wp:attachment":[{"href":"https:\/\/fifan.ch\/en\/wp-json\/wp\/v2\/media?parent=66"}],"curies":[{"name":"wp","href":"https:\/\/api.w.org\/{rel}","templated":true}]}}