{"id":62,"date":"2025-04-07T15:09:25","date_gmt":"2025-04-07T13:09:25","guid":{"rendered":"https:\/\/fifan.localhost\/?page_id=62"},"modified":"2025-07-25T11:39:23","modified_gmt":"2025-07-25T09:39:23","slug":"equipe","status":"publish","type":"page","link":"https:\/\/fifan.ch\/en\/equipe\/","title":{"rendered":"Team"},"content":{"rendered":"<h2 class=\"wp-block-heading\"><strong>OPERATING TEAM<\/strong><\/h2>\n\n\n\n<p>Nathalie Pichard, Operational Manager<br>Jordan Anastassov, Curator of the Roman Museum of Nyon<br>Christophe Goumand, programmer<br>Malika Bossard, cultural and scientific mediation manager<br>Auriane Suter, Logistics Manager<br>Sandra D\u00e9glon Gigon, visitor services manager<br>C\u00e9line Visconti, Communications Manager<br>Morgan Marion, Digital Communications Manager<br>Fran\u00e7ois Vermot, Technical Manager<br>Camille Sauthier (Atelier Valenthier), graphic design<br>Cl\u00e9mentine Kronegg (CEPV), signage<br>Hawaii Interactive, web development<\/p>\n\n\n\n<h2 class=\"wp-block-heading\"><strong>FILM SELECTION COMMITTEE<\/strong><\/h2>\n\n\n\n<p>Eric Huysecom, coordinator<br>Christophe Goumand<br>Jordan Anastassov<br>Caroline Briner<br>Gionata Consagra<br>G\u00e9raldine Delley<br>V\u00e9ronique Rey-Vodoz<br>Pierre-Alain Savary<\/p>\n\n\n\n<h2 class=\"wp-block-heading\"><strong>IMMERSIVE EXPERIENCES SELECTION COMMITTEE<\/strong><\/h2>\n\n\n\n<p>Laetitia Bochud<br>Gionata Consagra<br>Ana\u00efs Emery<br>Thomas Sagory<\/p>\n\n\n\n<h2 class=\"wp-block-heading\"><strong>ASSOCIATION COMMITTEE MEMBERS<\/strong><\/h2>\n\n\n\n<p>Jordan Anastassov, President<br>Eric Huysecom, Vice-Chairman<br>Caroline Briner, secretary<br>Gionata Consagra, Treasurer<br>B\u00e9atrice Blandin<br>G\u00e9raldine Delley<br>V\u00e9ronique Rey-Vodoz<br>Genevi\u00e8ve Rossier<br>Pierre-Alain Savary<\/p>\n\n\n\n<p><\/p>","protected":false},"excerpt":{"rendered":"<p>\u00c9QUIPE OP\u00c9RATIONNELLE Nathalie Pichard, directrice op\u00e9rationnelleJordan Anastassov, conservateur du Mus\u00e9e romain de NyonChristophe Goumand, programmateurMalika Bossard, responsable m\u00e9diation culturelle et scientifiqueAuriane Suter, responsable logistiqueSandra D\u00e9glon Gigon, responsable accueil des publicsC\u00e9line Visconti, responsable communicationMorgan Marion, responsable communication digitaleFran\u00e7ois Vermot, direction techniqueCamille Sauthier (Atelier Valenthier), design graphiqueCl\u00e9mentine Kronegg (CEPV), signal\u00e9tiqueHawaii Interactive, d\u00e9veloppement web COMIT\u00c9 DE S\u00c9LECTION FILMS [&hellip;]<\/p>\n","protected":false},"author":1,"featured_media":574,"parent":0,"menu_order":0,"comment_status":"closed","ping_status":"closed","template":"","meta":{"_acf_changed":false,"footnotes":""},"class_list":["post-62","page","type-page","status-publish","has-post-thumbnail","hentry"],"acf":[],"yoast_head":"<!-- This site is optimized with the Yoast SEO plugin v27.4 - https:\/\/yoast.com\/product\/yoast-seo-wordpress\/ -->\n<title>Equipe - FIFAN \u2013 Festival International du film d&#039;arch\u00e9ologie Nyon<\/title>\n<meta name=\"robots\" content=\"index, follow, max-snippet:-1, max-image-preview:large, max-video-preview:-1\" \/>\n<link rel=\"canonical\" href=\"https:\/\/fifan.ch\/en\/equipe\/\" \/>\n<meta property=\"og:locale\" content=\"en_US\" \/>\n<meta property=\"og:type\" content=\"article\" \/>\n<meta property=\"og:title\" content=\"Equipe - FIFAN \u2013 Festival International du film d&#039;arch\u00e9ologie Nyon\" \/>\n<meta property=\"og:description\" content=\"\u00c9QUIPE OP\u00c9RATIONNELLE Nathalie Pichard, directrice op\u00e9rationnelleJordan Anastassov, conservateur du Mus\u00e9e romain de NyonChristophe Goumand, programmateurMalika Bossard, responsable m\u00e9diation culturelle et scientifiqueAuriane Suter, responsable logistiqueSandra D\u00e9glon Gigon, responsable accueil des publicsC\u00e9line Visconti, responsable communicationMorgan Marion, responsable communication digitaleFran\u00e7ois Vermot, direction techniqueCamille Sauthier (Atelier Valenthier), design graphiqueCl\u00e9mentine Kronegg (CEPV), signal\u00e9tiqueHawaii Interactive, d\u00e9veloppement web COMIT\u00c9 DE S\u00c9LECTION FILMS [&hellip;]\" \/>\n<meta property=\"og:url\" content=\"https:\/\/fifan.ch\/en\/equipe\/\" \/>\n<meta property=\"og:site_name\" content=\"FIFAN \u2013 Festival International du film d&#039;arch\u00e9ologie Nyon\" \/>\n<meta property=\"article:publisher\" content=\"https:\/\/www.facebook.com\/festivalfilmarcheologienyon\" \/>\n<meta property=\"article:modified_time\" content=\"2025-07-25T09:39:23+00:00\" \/>\n<meta property=\"og:image\" content=\"https:\/\/fifan.ch\/wp-content\/uploads\/2025\/05\/EQUIPE_2_MRN-e1748367699578.jpg\" \/>\n\t<meta property=\"og:image:width\" content=\"2008\" \/>\n\t<meta property=\"og:image:height\" content=\"984\" \/>\n\t<meta property=\"og:image:type\" content=\"image\/jpeg\" \/>\n<meta name=\"twitter:card\" content=\"summary_large_image\" \/>\n<meta name=\"twitter:label1\" content=\"Est. reading time\" \/>\n\t<meta name=\"twitter:data1\" content=\"1 minute\" \/>\n<script type=\"application\/ld+json\" class=\"yoast-schema-graph\">{\"@context\":\"https:\\\/\\\/schema.org\",\"@graph\":[{\"@type\":\"WebPage\",\"@id\":\"https:\\\/\\\/fifan.ch\\\/equipe\\\/\",\"url\":\"https:\\\/\\\/fifan.ch\\\/equipe\\\/\",\"name\":\"Equipe - FIFAN \u2013 Festival International du film d&#039;arch\u00e9ologie Nyon\",\"isPartOf\":{\"@id\":\"https:\\\/\\\/fifan.ch\\\/#website\"},\"primaryImageOfPage\":{\"@id\":\"https:\\\/\\\/fifan.ch\\\/equipe\\\/#primaryimage\"},\"image\":{\"@id\":\"https:\\\/\\\/fifan.ch\\\/equipe\\\/#primaryimage\"},\"thumbnailUrl\":\"https:\\\/\\\/fifan.ch\\\/wp-content\\\/uploads\\\/2025\\\/05\\\/EQUIPE_2_MRN-e1748367699578.jpg\",\"datePublished\":\"2025-04-07T13:09:25+00:00\",\"dateModified\":\"2025-07-25T09:39:23+00:00\",\"breadcrumb\":{\"@id\":\"https:\\\/\\\/fifan.ch\\\/equipe\\\/#breadcrumb\"},\"inLanguage\":\"en-US\",\"potentialAction\":[{\"@type\":\"ReadAction\",\"target\":[\"https:\\\/\\\/fifan.ch\\\/equipe\\\/\"]}]},{\"@type\":\"ImageObject\",\"inLanguage\":\"en-US\",\"@id\":\"https:\\\/\\\/fifan.ch\\\/equipe\\\/#primaryimage\",\"url\":\"https:\\\/\\\/fifan.ch\\\/wp-content\\\/uploads\\\/2025\\\/05\\\/EQUIPE_2_MRN-e1748367699578.jpg\",\"contentUrl\":\"https:\\\/\\\/fifan.ch\\\/wp-content\\\/uploads\\\/2025\\\/05\\\/EQUIPE_2_MRN-e1748367699578.jpg\",\"width\":2008,\"height\":984,\"caption\":\"\u00a9 R\u00e9mi Gindroz\"},{\"@type\":\"BreadcrumbList\",\"@id\":\"https:\\\/\\\/fifan.ch\\\/equipe\\\/#breadcrumb\",\"itemListElement\":[{\"@type\":\"ListItem\",\"position\":1,\"name\":\"Accueil\",\"item\":\"https:\\\/\\\/fifan.ch\\\/\"},{\"@type\":\"ListItem\",\"position\":2,\"name\":\"Equipe\"}]},{\"@type\":\"WebSite\",\"@id\":\"https:\\\/\\\/fifan.ch\\\/#website\",\"url\":\"https:\\\/\\\/fifan.ch\\\/\",\"name\":\"FIFAN \u2013 Festival International du film d'arch\u00e9ologie Nyon\",\"description\":\"\",\"potentialAction\":[{\"@type\":\"SearchAction\",\"target\":{\"@type\":\"EntryPoint\",\"urlTemplate\":\"https:\\\/\\\/fifan.ch\\\/?s={search_term_string}\"},\"query-input\":{\"@type\":\"PropertyValueSpecification\",\"valueRequired\":true,\"valueName\":\"search_term_string\"}}],\"inLanguage\":\"en-US\"}]}<\/script>\n<!-- \/ Yoast SEO plugin. -->","yoast_head_json":{"title":"Team - FIFAN - International Festival of Films on Archaeology Nyon","robots":{"index":"index","follow":"follow","max-snippet":"max-snippet:-1","max-image-preview":"max-image-preview:large","max-video-preview":"max-video-preview:-1"},"canonical":"https:\/\/fifan.ch\/en\/equipe\/","og_locale":"en_US","og_type":"article","og_title":"Equipe - FIFAN \u2013 Festival International du film d&#039;arch\u00e9ologie Nyon","og_description":"\u00c9QUIPE OP\u00c9RATIONNELLE Nathalie Pichard, directrice op\u00e9rationnelleJordan Anastassov, conservateur du Mus\u00e9e romain de NyonChristophe Goumand, programmateurMalika Bossard, responsable m\u00e9diation culturelle et scientifiqueAuriane Suter, responsable logistiqueSandra D\u00e9glon Gigon, responsable accueil des publicsC\u00e9line Visconti, responsable communicationMorgan Marion, responsable communication digitaleFran\u00e7ois Vermot, direction techniqueCamille Sauthier (Atelier Valenthier), design graphiqueCl\u00e9mentine Kronegg (CEPV), signal\u00e9tiqueHawaii Interactive, d\u00e9veloppement web COMIT\u00c9 DE S\u00c9LECTION FILMS [&hellip;]","og_url":"https:\/\/fifan.ch\/en\/equipe\/","og_site_name":"FIFAN \u2013 Festival International du film d&#039;arch\u00e9ologie Nyon","article_publisher":"https:\/\/www.facebook.com\/festivalfilmarcheologienyon","article_modified_time":"2025-07-25T09:39:23+00:00","og_image":[{"width":2008,"height":984,"url":"https:\/\/fifan.ch\/wp-content\/uploads\/2025\/05\/EQUIPE_2_MRN-e1748367699578.jpg","type":"image\/jpeg"}],"twitter_card":"summary_large_image","twitter_misc":{"Est. reading time":"1 minute"},"schema":{"@context":"https:\/\/schema.org","@graph":[{"@type":"WebPage","@id":"https:\/\/fifan.ch\/equipe\/","url":"https:\/\/fifan.ch\/equipe\/","name":"Team - FIFAN - International Festival of Films on Archaeology Nyon","isPartOf":{"@id":"https:\/\/fifan.ch\/#website"},"primaryImageOfPage":{"@id":"https:\/\/fifan.ch\/equipe\/#primaryimage"},"image":{"@id":"https:\/\/fifan.ch\/equipe\/#primaryimage"},"thumbnailUrl":"https:\/\/fifan.ch\/wp-content\/uploads\/2025\/05\/EQUIPE_2_MRN-e1748367699578.jpg","datePublished":"2025-04-07T13:09:25+00:00","dateModified":"2025-07-25T09:39:23+00:00","breadcrumb":{"@id":"https:\/\/fifan.ch\/equipe\/#breadcrumb"},"inLanguage":"en-US","potentialAction":[{"@type":"ReadAction","target":["https:\/\/fifan.ch\/equipe\/"]}]},{"@type":"ImageObject","inLanguage":"en-US","@id":"https:\/\/fifan.ch\/equipe\/#primaryimage","url":"https:\/\/fifan.ch\/wp-content\/uploads\/2025\/05\/EQUIPE_2_MRN-e1748367699578.jpg","contentUrl":"https:\/\/fifan.ch\/wp-content\/uploads\/2025\/05\/EQUIPE_2_MRN-e1748367699578.jpg","width":2008,"height":984,"caption":"\u00a9 R\u00e9mi Gindroz"},{"@type":"BreadcrumbList","@id":"https:\/\/fifan.ch\/equipe\/#breadcrumb","itemListElement":[{"@type":"ListItem","position":1,"name":"Accueil","item":"https:\/\/fifan.ch\/"},{"@type":"ListItem","position":2,"name":"Equipe"}]},{"@type":"WebSite","@id":"https:\/\/fifan.ch\/#website","url":"https:\/\/fifan.ch\/","name":"FIFAN - International Archaeology Film Festival Nyon","description":"","potentialAction":[{"@type":"SearchAction","target":{"@type":"EntryPoint","urlTemplate":"https:\/\/fifan.ch\/?s={search_term_string}"},"query-input":{"@type":"PropertyValueSpecification","valueRequired":true,"valueName":"search_term_string"}}],"inLanguage":"en-US"}]}},"_links":{"self":[{"href":"https:\/\/fifan.ch\/en\/wp-json\/wp\/v2\/pages\/62","targetHints":{"allow":["GET"]}}],"collection":[{"href":"https:\/\/fifan.ch\/en\/wp-json\/wp\/v2\/pages"}],"about":[{"href":"https:\/\/fifan.ch\/en\/wp-json\/wp\/v2\/types\/page"}],"author":[{"embeddable":true,"href":"https:\/\/fifan.ch\/en\/wp-json\/wp\/v2\/users\/1"}],"replies":[{"embeddable":true,"href":"https:\/\/fifan.ch\/en\/wp-json\/wp\/v2\/comments?post=62"}],"version-history":[{"count":13,"href":"https:\/\/fifan.ch\/en\/wp-json\/wp\/v2\/pages\/62\/revisions"}],"predecessor-version":[{"id":866,"href":"https:\/\/fifan.ch\/en\/wp-json\/wp\/v2\/pages\/62\/revisions\/866"}],"wp:featuredmedia":[{"embeddable":true,"href":"https:\/\/fifan.ch\/en\/wp-json\/wp\/v2\/media\/574"}],"wp:attachment":[{"href":"https:\/\/fifan.ch\/en\/wp-json\/wp\/v2\/media?parent=62"}],"curies":[{"name":"wp","href":"https:\/\/api.w.org\/{rel}","templated":true}]}}