{"id":58,"date":"2025-04-07T15:08:55","date_gmt":"2025-04-07T13:08:55","guid":{"rendered":"https:\/\/fifan.localhost\/?page_id=58"},"modified":"2026-01-28T15:33:14","modified_gmt":"2026-01-28T14:33:14","slug":"a-propos","status":"publish","type":"page","link":"https:\/\/fifan.ch\/en\/a-propos\/","title":{"rendered":"About us"},"content":{"rendered":"<p><\/p>\n\n\n\n<h2 class=\"wp-block-heading\">A festival as a place for information, sharing and encounters<\/h2>\n\n\n\n<p>Since 1999, the Roman Museum of Nyon has organized the Festival International du Film d'Arch\u00e9ologie de Nyon (FIFAN). In 13 editions, this biannual, free event has become a must in Switzerland for fans of archaeological cinema. It places Nyon alongside Bordeaux, Rovereto and Athens as one of the major international festivals of its kind.<\/p>\n\n\n\n<p>FIFAN's mission is to promote archaeology through high-quality cinematographic works. As a bridge between archaeologists, filmmakers and the general public, it fosters dialogue and encourages reflection on the links between archaeology and contemporary issues.<\/p>\n\n\n\n<p>Archaeological research, both near and far, is a source of inspiration for a profusion of documentary films. They come from major production companies, from institutions such as museums, missions or archaeological services, and even from passionate amateurs. FIFAN offers a unique opportunity to discover these films, most of which are screened in restricted circles. Its ambition is to be a place for information, sharing and encounters, and to open up archaeology to a wide audience.<\/p>\n\n\n\n<p>The best productions are selected by a jury of experts in archaeology, cinema and immersive technologies. Several prizes are awarded. By rewarding low-budget productions, the festival actively supports small production companies and promotes their creativity.<\/p>","protected":false},"excerpt":{"rendered":"<p>Un festival comme lieu d&rsquo;information, de partage et de rencontre Depuis 1999, le Mus\u00e9e romain de Nyon organise le Festival International du Film d\u2019Arch\u00e9ologie de Nyon (FIFAN). En 13 \u00e9ditions, ce rendez-vous bisannuel et gratuit est devenu un \u00e9v\u00e9nement incontournable en Suisse pour les amatrices et amateurs de cin\u00e9ma d\u2019arch\u00e9ologie. Il inscrit Nyon dans le [&hellip;]<\/p>\n","protected":false},"author":1,"featured_media":1028,"parent":0,"menu_order":0,"comment_status":"closed","ping_status":"closed","template":"","meta":{"_acf_changed":false,"footnotes":""},"class_list":["post-58","page","type-page","status-publish","has-post-thumbnail","hentry"],"acf":[],"yoast_head":"<!-- This site is optimized with the Yoast SEO plugin v27.4 - https:\/\/yoast.com\/product\/yoast-seo-wordpress\/ -->\n<title>\u00c0 propos - FIFAN \u2013 Festival International du film d&#039;arch\u00e9ologie Nyon<\/title>\n<meta name=\"description\" content=\"Depuis 1999, le Mus\u00e9e romain de Nyon organise le Festival international du film d\u2019arch\u00e9ologie de Nyon (FIFAN). En 13 \u00e9ditions, ce rendez-vous bisannuel et gratuit est devenu un \u00e9v\u00e9nement incontournable en Suisse pour les amatrices et amateurs de cin\u00e9ma d\u2019arch\u00e9ologie.\" \/>\n<meta name=\"robots\" content=\"index, follow, max-snippet:-1, max-image-preview:large, max-video-preview:-1\" \/>\n<link rel=\"canonical\" href=\"https:\/\/fifan.ch\/en\/a-propos\/\" \/>\n<meta property=\"og:locale\" content=\"en_US\" \/>\n<meta property=\"og:type\" content=\"article\" \/>\n<meta property=\"og:title\" content=\"\u00c0 propos - FIFAN \u2013 Festival International du film d&#039;arch\u00e9ologie Nyon\" \/>\n<meta property=\"og:description\" content=\"Depuis 1999, le Mus\u00e9e romain de Nyon organise le Festival international du film d\u2019arch\u00e9ologie de Nyon (FIFAN). En 13 \u00e9ditions, ce rendez-vous bisannuel et gratuit est devenu un \u00e9v\u00e9nement incontournable en Suisse pour les amatrices et amateurs de cin\u00e9ma d\u2019arch\u00e9ologie.\" \/>\n<meta property=\"og:url\" content=\"https:\/\/fifan.ch\/en\/a-propos\/\" \/>\n<meta property=\"og:site_name\" content=\"FIFAN \u2013 Festival International du film d&#039;arch\u00e9ologie Nyon\" \/>\n<meta property=\"article:publisher\" content=\"https:\/\/www.facebook.com\/festivalfilmarcheologienyon\" \/>\n<meta property=\"article:modified_time\" content=\"2026-01-28T14:33:14+00:00\" \/>\n<meta property=\"og:image\" content=\"https:\/\/fifan.ch\/wp-content\/uploads\/2026\/01\/2025_FIFAN_Ouverture_Jour_1-00399_BBanon_compressed.jpg\" \/>\n\t<meta property=\"og:image:width\" content=\"2048\" \/>\n\t<meta property=\"og:image:height\" content=\"1365\" \/>\n\t<meta property=\"og:image:type\" content=\"image\/jpeg\" \/>\n<meta name=\"twitter:card\" content=\"summary_large_image\" \/>\n<meta name=\"twitter:label1\" content=\"Est. reading time\" \/>\n\t<meta name=\"twitter:data1\" content=\"2 minutes\" \/>\n<script type=\"application\/ld+json\" class=\"yoast-schema-graph\">{\"@context\":\"https:\\\/\\\/schema.org\",\"@graph\":[{\"@type\":\"WebPage\",\"@id\":\"https:\\\/\\\/fifan.ch\\\/a-propos\\\/\",\"url\":\"https:\\\/\\\/fifan.ch\\\/a-propos\\\/\",\"name\":\"\u00c0 propos - FIFAN \u2013 Festival International du film d&#039;arch\u00e9ologie Nyon\",\"isPartOf\":{\"@id\":\"https:\\\/\\\/fifan.ch\\\/#website\"},\"primaryImageOfPage\":{\"@id\":\"https:\\\/\\\/fifan.ch\\\/a-propos\\\/#primaryimage\"},\"image\":{\"@id\":\"https:\\\/\\\/fifan.ch\\\/a-propos\\\/#primaryimage\"},\"thumbnailUrl\":\"https:\\\/\\\/fifan.ch\\\/wp-content\\\/uploads\\\/2026\\\/01\\\/2025_FIFAN_Ouverture_Jour_1-00399_BBanon_compressed.jpg\",\"datePublished\":\"2025-04-07T13:08:55+00:00\",\"dateModified\":\"2026-01-28T14:33:14+00:00\",\"description\":\"Depuis 1999, le Mus\u00e9e romain de Nyon organise le Festival international du film d\u2019arch\u00e9ologie de Nyon (FIFAN). En 13 \u00e9ditions, ce rendez-vous bisannuel et gratuit est devenu un \u00e9v\u00e9nement incontournable en Suisse pour les amatrices et amateurs de cin\u00e9ma d\u2019arch\u00e9ologie.\",\"breadcrumb\":{\"@id\":\"https:\\\/\\\/fifan.ch\\\/a-propos\\\/#breadcrumb\"},\"inLanguage\":\"en-US\",\"potentialAction\":[{\"@type\":\"ReadAction\",\"target\":[\"https:\\\/\\\/fifan.ch\\\/a-propos\\\/\"]}]},{\"@type\":\"ImageObject\",\"inLanguage\":\"en-US\",\"@id\":\"https:\\\/\\\/fifan.ch\\\/a-propos\\\/#primaryimage\",\"url\":\"https:\\\/\\\/fifan.ch\\\/wp-content\\\/uploads\\\/2026\\\/01\\\/2025_FIFAN_Ouverture_Jour_1-00399_BBanon_compressed.jpg\",\"contentUrl\":\"https:\\\/\\\/fifan.ch\\\/wp-content\\\/uploads\\\/2026\\\/01\\\/2025_FIFAN_Ouverture_Jour_1-00399_BBanon_compressed.jpg\",\"width\":2048,\"height\":1365,\"caption\":\"Photo Mus\u00e9e Romain de Nyon \u00a9 Benjamin Banon\"},{\"@type\":\"BreadcrumbList\",\"@id\":\"https:\\\/\\\/fifan.ch\\\/a-propos\\\/#breadcrumb\",\"itemListElement\":[{\"@type\":\"ListItem\",\"position\":1,\"name\":\"Accueil\",\"item\":\"https:\\\/\\\/fifan.ch\\\/\"},{\"@type\":\"ListItem\",\"position\":2,\"name\":\"\u00c0 propos\"}]},{\"@type\":\"WebSite\",\"@id\":\"https:\\\/\\\/fifan.ch\\\/#website\",\"url\":\"https:\\\/\\\/fifan.ch\\\/\",\"name\":\"FIFAN \u2013 Festival International du film d'arch\u00e9ologie Nyon\",\"description\":\"\",\"potentialAction\":[{\"@type\":\"SearchAction\",\"target\":{\"@type\":\"EntryPoint\",\"urlTemplate\":\"https:\\\/\\\/fifan.ch\\\/?s={search_term_string}\"},\"query-input\":{\"@type\":\"PropertyValueSpecification\",\"valueRequired\":true,\"valueName\":\"search_term_string\"}}],\"inLanguage\":\"en-US\"}]}<\/script>\n<!-- \/ Yoast SEO plugin. -->","yoast_head_json":{"title":"About - FIFAN \u2013 Nyon International Archaeology Film Festival","description":"Since 1999, the Roman Museum of Nyon has organized the Nyon International Archaeology Film Festival (FIFAN). Over 13 editions, this biennial and free event has become a must-see in Switzerland for lovers of archaeology cinema.","robots":{"index":"index","follow":"follow","max-snippet":"max-snippet:-1","max-image-preview":"max-image-preview:large","max-video-preview":"max-video-preview:-1"},"canonical":"https:\/\/fifan.ch\/en\/a-propos\/","og_locale":"en_US","og_type":"article","og_title":"\u00c0 propos - FIFAN \u2013 Festival International du film d&#039;arch\u00e9ologie Nyon","og_description":"Depuis 1999, le Mus\u00e9e romain de Nyon organise le Festival international du film d\u2019arch\u00e9ologie de Nyon (FIFAN). En 13 \u00e9ditions, ce rendez-vous bisannuel et gratuit est devenu un \u00e9v\u00e9nement incontournable en Suisse pour les amatrices et amateurs de cin\u00e9ma d\u2019arch\u00e9ologie.","og_url":"https:\/\/fifan.ch\/en\/a-propos\/","og_site_name":"FIFAN \u2013 Festival International du film d&#039;arch\u00e9ologie Nyon","article_publisher":"https:\/\/www.facebook.com\/festivalfilmarcheologienyon","article_modified_time":"2026-01-28T14:33:14+00:00","og_image":[{"width":2048,"height":1365,"url":"https:\/\/fifan.ch\/wp-content\/uploads\/2026\/01\/2025_FIFAN_Ouverture_Jour_1-00399_BBanon_compressed.jpg","type":"image\/jpeg"}],"twitter_card":"summary_large_image","twitter_misc":{"Est. reading time":"2 minutes"},"schema":{"@context":"https:\/\/schema.org","@graph":[{"@type":"WebPage","@id":"https:\/\/fifan.ch\/a-propos\/","url":"https:\/\/fifan.ch\/a-propos\/","name":"About - FIFAN \u2013 Nyon International Archaeology Film Festival","isPartOf":{"@id":"https:\/\/fifan.ch\/#website"},"primaryImageOfPage":{"@id":"https:\/\/fifan.ch\/a-propos\/#primaryimage"},"image":{"@id":"https:\/\/fifan.ch\/a-propos\/#primaryimage"},"thumbnailUrl":"https:\/\/fifan.ch\/wp-content\/uploads\/2026\/01\/2025_FIFAN_Ouverture_Jour_1-00399_BBanon_compressed.jpg","datePublished":"2025-04-07T13:08:55+00:00","dateModified":"2026-01-28T14:33:14+00:00","description":"Since 1999, the Roman Museum of Nyon has organized the Nyon International Archaeology Film Festival (FIFAN). Over 13 editions, this biennial and free event has become a must-see in Switzerland for lovers of archaeology cinema.","breadcrumb":{"@id":"https:\/\/fifan.ch\/a-propos\/#breadcrumb"},"inLanguage":"en-US","potentialAction":[{"@type":"ReadAction","target":["https:\/\/fifan.ch\/a-propos\/"]}]},{"@type":"ImageObject","inLanguage":"en-US","@id":"https:\/\/fifan.ch\/a-propos\/#primaryimage","url":"https:\/\/fifan.ch\/wp-content\/uploads\/2026\/01\/2025_FIFAN_Ouverture_Jour_1-00399_BBanon_compressed.jpg","contentUrl":"https:\/\/fifan.ch\/wp-content\/uploads\/2026\/01\/2025_FIFAN_Ouverture_Jour_1-00399_BBanon_compressed.jpg","width":2048,"height":1365,"caption":"Photo Mus\u00e9e Romain de Nyon \u00a9 Benjamin Banon"},{"@type":"BreadcrumbList","@id":"https:\/\/fifan.ch\/a-propos\/#breadcrumb","itemListElement":[{"@type":"ListItem","position":1,"name":"Accueil","item":"https:\/\/fifan.ch\/"},{"@type":"ListItem","position":2,"name":"\u00c0 propos"}]},{"@type":"WebSite","@id":"https:\/\/fifan.ch\/#website","url":"https:\/\/fifan.ch\/","name":"FIFAN - International Archaeology Film Festival Nyon","description":"","potentialAction":[{"@type":"SearchAction","target":{"@type":"EntryPoint","urlTemplate":"https:\/\/fifan.ch\/?s={search_term_string}"},"query-input":{"@type":"PropertyValueSpecification","valueRequired":true,"valueName":"search_term_string"}}],"inLanguage":"en-US"}]}},"_links":{"self":[{"href":"https:\/\/fifan.ch\/en\/wp-json\/wp\/v2\/pages\/58","targetHints":{"allow":["GET"]}}],"collection":[{"href":"https:\/\/fifan.ch\/en\/wp-json\/wp\/v2\/pages"}],"about":[{"href":"https:\/\/fifan.ch\/en\/wp-json\/wp\/v2\/types\/page"}],"author":[{"embeddable":true,"href":"https:\/\/fifan.ch\/en\/wp-json\/wp\/v2\/users\/1"}],"replies":[{"embeddable":true,"href":"https:\/\/fifan.ch\/en\/wp-json\/wp\/v2\/comments?post=58"}],"version-history":[{"count":12,"href":"https:\/\/fifan.ch\/en\/wp-json\/wp\/v2\/pages\/58\/revisions"}],"predecessor-version":[{"id":847,"href":"https:\/\/fifan.ch\/en\/wp-json\/wp\/v2\/pages\/58\/revisions\/847"}],"wp:featuredmedia":[{"embeddable":true,"href":"https:\/\/fifan.ch\/en\/wp-json\/wp\/v2\/media\/1028"}],"wp:attachment":[{"href":"https:\/\/fifan.ch\/en\/wp-json\/wp\/v2\/media?parent=58"}],"curies":[{"name":"wp","href":"https:\/\/api.w.org\/{rel}","templated":true}]}}