{"id":52,"date":"2025-04-07T15:08:04","date_gmt":"2025-04-07T13:08:04","guid":{"rendered":"https:\/\/fifan.localhost\/?page_id=52"},"modified":"2026-01-28T15:24:47","modified_gmt":"2026-01-28T14:24:47","slug":"lassociation","status":"publish","type":"page","link":"https:\/\/fifan.ch\/en\/lassociation\/","title":{"rendered":"The association"},"content":{"rendered":"<p>The non-profit association \"Festival International du Film d'Arch\u00e9ologie de Nyon\" (FIFAN) was created in November 2014. Its statutory purpose is the organization, development and promotion of the Festival International du Film d'Arch\u00e9ologie de Nyon. It works towards this goal in collaboration with the Roman Museum of Nyon, which is its founder and main partner.<\/p>\n\n\n\n<p>Its committee, currently made up of nine members, contributes in particular to fund-raising for the event. The person in charge of festival management has an advisory vote.<\/p>\n\n\n\n<p>The Nyon Roman Museum created the Nyon International Archaeology Film Festival in 1999. For almost 30 years, it has organized this free biennial event, with the aim of broadening its audience and offering access to the rich production of archaeological films.<\/p>\n\n\n\n<p>After eight successful editions, the Roman Museum wanted to clarify and facilitate the operation of the festival, without losing the close and historic link that unites them. In 2014, the association was created as a structure specifically dedicated to the organization of the festival, and endowed with resources intended for its management and development.<\/p>\n\n\n\n<p><\/p>\n\n\n\n<div class=\"wp-block-buttons is-layout-flex wp-block-buttons-is-layout-flex\">\n<div class=\"wp-block-button\"><a class=\"wp-block-button__link wp-element-button\" href=\"https:\/\/fifan.ch\/en\/lassociation\/soutenir-lassociation\/\">SUPPORT THE ASSOCIATION<\/a><\/div>\n<\/div>\n\n\n\n<p><\/p>\n\n\n\n<div class=\"wp-block-buttons is-layout-flex wp-block-buttons-is-layout-flex\">\n<div class=\"wp-block-button\"><a class=\"wp-block-button__link wp-element-button\" href=\"https:\/\/fifan.ch\/wp-content\/uploads\/2025\/02\/8.-FIFAN_Statuts_signes.pdf\">DOWNLOAD THE ARTICLES OF ASSOCIATION<\/a><\/div>\n<\/div>\n\n\n\n<p><\/p>","protected":false},"excerpt":{"rendered":"<p>L&rsquo;association \u00e0 but non lucratif \u00ab\u00a0Festival International du Film d\u2019Arch\u00e9ologie de Nyon\u00a0\u00bb (FIFAN) a \u00e9t\u00e9 cr\u00e9\u00e9e en novembre 2014. Statutairement, elle a pour but l\u2019organisation, le d\u00e9veloppement et la promotion du Festival International du Film d\u2019Arch\u00e9ologie de Nyon. Elle travaille \u00e0 cet objectif en collaboration avec le Mus\u00e9e romain de Nyon, qui en est le [&hellip;]<\/p>\n","protected":false},"author":1,"featured_media":1027,"parent":0,"menu_order":0,"comment_status":"closed","ping_status":"closed","template":"","meta":{"_acf_changed":false,"footnotes":""},"class_list":["post-52","page","type-page","status-publish","has-post-thumbnail","hentry"],"acf":[],"yoast_head":"<!-- This site is optimized with the Yoast SEO plugin v27.4 - https:\/\/yoast.com\/product\/yoast-seo-wordpress\/ -->\n<title>L&#039;association - FIFAN \u2013 Festival International du film d&#039;arch\u00e9ologie Nyon<\/title>\n<meta name=\"robots\" content=\"index, follow, max-snippet:-1, max-image-preview:large, max-video-preview:-1\" \/>\n<link rel=\"canonical\" href=\"https:\/\/fifan.ch\/en\/lassociation\/\" \/>\n<meta property=\"og:locale\" content=\"en_US\" \/>\n<meta property=\"og:type\" content=\"article\" \/>\n<meta property=\"og:title\" content=\"L&#039;association - FIFAN \u2013 Festival International du film d&#039;arch\u00e9ologie Nyon\" \/>\n<meta property=\"og:description\" content=\"L&rsquo;association \u00e0 but non lucratif \u00ab\u00a0Festival International du Film d\u2019Arch\u00e9ologie de Nyon\u00a0\u00bb (FIFAN) a \u00e9t\u00e9 cr\u00e9\u00e9e en novembre 2014. Statutairement, elle a pour but l\u2019organisation, le d\u00e9veloppement et la promotion du Festival International du Film d\u2019Arch\u00e9ologie de Nyon. Elle travaille \u00e0 cet objectif en collaboration avec le Mus\u00e9e romain de Nyon, qui en est le [&hellip;]\" \/>\n<meta property=\"og:url\" content=\"https:\/\/fifan.ch\/en\/lassociation\/\" \/>\n<meta property=\"og:site_name\" content=\"FIFAN \u2013 Festival International du film d&#039;arch\u00e9ologie Nyon\" \/>\n<meta property=\"article:publisher\" content=\"https:\/\/www.facebook.com\/festivalfilmarcheologienyon\" \/>\n<meta property=\"article:modified_time\" content=\"2026-01-28T14:24:47+00:00\" \/>\n<meta property=\"og:image\" content=\"https:\/\/fifan.ch\/wp-content\/uploads\/2026\/01\/2025_FIFAN_Ouverture_Jour_1-00294_BBanon_compressed.jpg\" \/>\n\t<meta property=\"og:image:width\" content=\"2048\" \/>\n\t<meta property=\"og:image:height\" content=\"1365\" \/>\n\t<meta property=\"og:image:type\" content=\"image\/jpeg\" \/>\n<meta name=\"twitter:card\" content=\"summary_large_image\" \/>\n<meta name=\"twitter:label1\" content=\"Est. reading time\" \/>\n\t<meta name=\"twitter:data1\" content=\"2 minutes\" \/>\n<script type=\"application\/ld+json\" class=\"yoast-schema-graph\">{\"@context\":\"https:\\\/\\\/schema.org\",\"@graph\":[{\"@type\":\"WebPage\",\"@id\":\"https:\\\/\\\/fifan.ch\\\/lassociation\\\/\",\"url\":\"https:\\\/\\\/fifan.ch\\\/lassociation\\\/\",\"name\":\"L'association - FIFAN \u2013 Festival International du film d&#039;arch\u00e9ologie Nyon\",\"isPartOf\":{\"@id\":\"https:\\\/\\\/fifan.ch\\\/#website\"},\"primaryImageOfPage\":{\"@id\":\"https:\\\/\\\/fifan.ch\\\/lassociation\\\/#primaryimage\"},\"image\":{\"@id\":\"https:\\\/\\\/fifan.ch\\\/lassociation\\\/#primaryimage\"},\"thumbnailUrl\":\"https:\\\/\\\/fifan.ch\\\/wp-content\\\/uploads\\\/2026\\\/01\\\/2025_FIFAN_Ouverture_Jour_1-00294_BBanon_compressed.jpg\",\"datePublished\":\"2025-04-07T13:08:04+00:00\",\"dateModified\":\"2026-01-28T14:24:47+00:00\",\"breadcrumb\":{\"@id\":\"https:\\\/\\\/fifan.ch\\\/lassociation\\\/#breadcrumb\"},\"inLanguage\":\"en-US\",\"potentialAction\":[{\"@type\":\"ReadAction\",\"target\":[\"https:\\\/\\\/fifan.ch\\\/lassociation\\\/\"]}]},{\"@type\":\"ImageObject\",\"inLanguage\":\"en-US\",\"@id\":\"https:\\\/\\\/fifan.ch\\\/lassociation\\\/#primaryimage\",\"url\":\"https:\\\/\\\/fifan.ch\\\/wp-content\\\/uploads\\\/2026\\\/01\\\/2025_FIFAN_Ouverture_Jour_1-00294_BBanon_compressed.jpg\",\"contentUrl\":\"https:\\\/\\\/fifan.ch\\\/wp-content\\\/uploads\\\/2026\\\/01\\\/2025_FIFAN_Ouverture_Jour_1-00294_BBanon_compressed.jpg\",\"width\":2048,\"height\":1365,\"caption\":\"Photo Mus\u00e9e Romain de Nyon \u00a9 Benjamin Banon\"},{\"@type\":\"BreadcrumbList\",\"@id\":\"https:\\\/\\\/fifan.ch\\\/lassociation\\\/#breadcrumb\",\"itemListElement\":[{\"@type\":\"ListItem\",\"position\":1,\"name\":\"Accueil\",\"item\":\"https:\\\/\\\/fifan.ch\\\/\"},{\"@type\":\"ListItem\",\"position\":2,\"name\":\"L&rsquo;association\"}]},{\"@type\":\"WebSite\",\"@id\":\"https:\\\/\\\/fifan.ch\\\/#website\",\"url\":\"https:\\\/\\\/fifan.ch\\\/\",\"name\":\"FIFAN \u2013 Festival International du film d'arch\u00e9ologie Nyon\",\"description\":\"\",\"potentialAction\":[{\"@type\":\"SearchAction\",\"target\":{\"@type\":\"EntryPoint\",\"urlTemplate\":\"https:\\\/\\\/fifan.ch\\\/?s={search_term_string}\"},\"query-input\":{\"@type\":\"PropertyValueSpecification\",\"valueRequired\":true,\"valueName\":\"search_term_string\"}}],\"inLanguage\":\"en-US\"}]}<\/script>\n<!-- \/ Yoast SEO plugin. -->","yoast_head_json":{"title":"The association - FIFAN - Festival International du film d'arch\u00e9ologie Nyon","robots":{"index":"index","follow":"follow","max-snippet":"max-snippet:-1","max-image-preview":"max-image-preview:large","max-video-preview":"max-video-preview:-1"},"canonical":"https:\/\/fifan.ch\/en\/lassociation\/","og_locale":"en_US","og_type":"article","og_title":"L'association - FIFAN \u2013 Festival International du film d&#039;arch\u00e9ologie Nyon","og_description":"L&rsquo;association \u00e0 but non lucratif \u00ab\u00a0Festival International du Film d\u2019Arch\u00e9ologie de Nyon\u00a0\u00bb (FIFAN) a \u00e9t\u00e9 cr\u00e9\u00e9e en novembre 2014. Statutairement, elle a pour but l\u2019organisation, le d\u00e9veloppement et la promotion du Festival International du Film d\u2019Arch\u00e9ologie de Nyon. Elle travaille \u00e0 cet objectif en collaboration avec le Mus\u00e9e romain de Nyon, qui en est le [&hellip;]","og_url":"https:\/\/fifan.ch\/en\/lassociation\/","og_site_name":"FIFAN \u2013 Festival International du film d&#039;arch\u00e9ologie Nyon","article_publisher":"https:\/\/www.facebook.com\/festivalfilmarcheologienyon","article_modified_time":"2026-01-28T14:24:47+00:00","og_image":[{"width":2048,"height":1365,"url":"https:\/\/fifan.ch\/wp-content\/uploads\/2026\/01\/2025_FIFAN_Ouverture_Jour_1-00294_BBanon_compressed.jpg","type":"image\/jpeg"}],"twitter_card":"summary_large_image","twitter_misc":{"Est. reading time":"2 minutes"},"schema":{"@context":"https:\/\/schema.org","@graph":[{"@type":"WebPage","@id":"https:\/\/fifan.ch\/lassociation\/","url":"https:\/\/fifan.ch\/lassociation\/","name":"The association - FIFAN - Festival International du film d'arch\u00e9ologie Nyon","isPartOf":{"@id":"https:\/\/fifan.ch\/#website"},"primaryImageOfPage":{"@id":"https:\/\/fifan.ch\/lassociation\/#primaryimage"},"image":{"@id":"https:\/\/fifan.ch\/lassociation\/#primaryimage"},"thumbnailUrl":"https:\/\/fifan.ch\/wp-content\/uploads\/2026\/01\/2025_FIFAN_Ouverture_Jour_1-00294_BBanon_compressed.jpg","datePublished":"2025-04-07T13:08:04+00:00","dateModified":"2026-01-28T14:24:47+00:00","breadcrumb":{"@id":"https:\/\/fifan.ch\/lassociation\/#breadcrumb"},"inLanguage":"en-US","potentialAction":[{"@type":"ReadAction","target":["https:\/\/fifan.ch\/lassociation\/"]}]},{"@type":"ImageObject","inLanguage":"en-US","@id":"https:\/\/fifan.ch\/lassociation\/#primaryimage","url":"https:\/\/fifan.ch\/wp-content\/uploads\/2026\/01\/2025_FIFAN_Ouverture_Jour_1-00294_BBanon_compressed.jpg","contentUrl":"https:\/\/fifan.ch\/wp-content\/uploads\/2026\/01\/2025_FIFAN_Ouverture_Jour_1-00294_BBanon_compressed.jpg","width":2048,"height":1365,"caption":"Photo Mus\u00e9e Romain de Nyon \u00a9 Benjamin Banon"},{"@type":"BreadcrumbList","@id":"https:\/\/fifan.ch\/lassociation\/#breadcrumb","itemListElement":[{"@type":"ListItem","position":1,"name":"Accueil","item":"https:\/\/fifan.ch\/"},{"@type":"ListItem","position":2,"name":"L&rsquo;association"}]},{"@type":"WebSite","@id":"https:\/\/fifan.ch\/#website","url":"https:\/\/fifan.ch\/","name":"FIFAN - International Archaeology Film Festival Nyon","description":"","potentialAction":[{"@type":"SearchAction","target":{"@type":"EntryPoint","urlTemplate":"https:\/\/fifan.ch\/?s={search_term_string}"},"query-input":{"@type":"PropertyValueSpecification","valueRequired":true,"valueName":"search_term_string"}}],"inLanguage":"en-US"}]}},"_links":{"self":[{"href":"https:\/\/fifan.ch\/en\/wp-json\/wp\/v2\/pages\/52","targetHints":{"allow":["GET"]}}],"collection":[{"href":"https:\/\/fifan.ch\/en\/wp-json\/wp\/v2\/pages"}],"about":[{"href":"https:\/\/fifan.ch\/en\/wp-json\/wp\/v2\/types\/page"}],"author":[{"embeddable":true,"href":"https:\/\/fifan.ch\/en\/wp-json\/wp\/v2\/users\/1"}],"replies":[{"embeddable":true,"href":"https:\/\/fifan.ch\/en\/wp-json\/wp\/v2\/comments?post=52"}],"version-history":[{"count":15,"href":"https:\/\/fifan.ch\/en\/wp-json\/wp\/v2\/pages\/52\/revisions"}],"predecessor-version":[{"id":849,"href":"https:\/\/fifan.ch\/en\/wp-json\/wp\/v2\/pages\/52\/revisions\/849"}],"wp:featuredmedia":[{"embeddable":true,"href":"https:\/\/fifan.ch\/en\/wp-json\/wp\/v2\/media\/1027"}],"wp:attachment":[{"href":"https:\/\/fifan.ch\/en\/wp-json\/wp\/v2\/media?parent=52"}],"curies":[{"name":"wp","href":"https:\/\/api.w.org\/{rel}","templated":true}]}}