{"id":50,"date":"2025-04-07T15:07:49","date_gmt":"2025-04-07T13:07:49","guid":{"rendered":"https:\/\/fifan.localhost\/?page_id=50"},"modified":"2026-01-28T15:40:40","modified_gmt":"2026-01-28T14:40:40","slug":"programme","status":"publish","type":"page","link":"https:\/\/fifan.ch\/en\/programme\/","title":{"rendered":"Program"},"content":{"rendered":"<p>The festival program will be announced shortly.<br>Subscribe to our newsletter for a sneak preview.<\/p>\n\n\n\n<div class=\"wp-block-buttons is-layout-flex wp-block-buttons-is-layout-flex\">\n<div class=\"wp-block-button\"><a class=\"wp-block-button__link wp-element-button\" href=\"https:\/\/fifan.ch\/en\/newsletter\/\">NEWSLETTER<\/a><\/div>\n<\/div>","protected":false},"excerpt":{"rendered":"<p>Subscribe to our newsletter for a sneak preview.<\/p>","protected":false},"author":1,"featured_media":1018,"parent":0,"menu_order":0,"comment_status":"closed","ping_status":"closed","template":"templates\/template-program.php","meta":{"_acf_changed":false,"footnotes":""},"class_list":["post-50","page","type-page","status-publish","has-post-thumbnail","hentry"],"acf":[],"yoast_head":"<!-- This site is optimized with the Yoast SEO plugin v27.4 - https:\/\/yoast.com\/product\/yoast-seo-wordpress\/ -->\n<title>Programme - FIFAN \u2013 Festival International du film d&#039;arch\u00e9ologie Nyon<\/title>\n<meta name=\"description\" content=\"La 14e \u00e9dition du Festival international du film d\u2019arch\u00e9ologie de Nyon se tiendra du 2 au 7 septembre 2025 \u00e0 l\u2019Usine \u00e0 Gaz. Le programme du festival sera bient\u00f4t d\u00e9voil\u00e9.\" \/>\n<meta name=\"robots\" content=\"index, follow, max-snippet:-1, max-image-preview:large, max-video-preview:-1\" \/>\n<link rel=\"canonical\" href=\"https:\/\/fifan.ch\/en\/programme\/\" \/>\n<meta property=\"og:locale\" content=\"en_US\" \/>\n<meta property=\"og:type\" content=\"article\" \/>\n<meta property=\"og:title\" content=\"Programme - FIFAN \u2013 Festival International du film d&#039;arch\u00e9ologie Nyon\" \/>\n<meta property=\"og:description\" content=\"La 14e \u00e9dition du Festival international du film d\u2019arch\u00e9ologie de Nyon se tiendra du 2 au 7 septembre 2025 \u00e0 l\u2019Usine \u00e0 Gaz. Le programme du festival sera bient\u00f4t d\u00e9voil\u00e9.\" \/>\n<meta property=\"og:url\" content=\"https:\/\/fifan.ch\/en\/programme\/\" \/>\n<meta property=\"og:site_name\" content=\"FIFAN \u2013 Festival International du film d&#039;arch\u00e9ologie Nyon\" \/>\n<meta property=\"article:publisher\" content=\"https:\/\/www.facebook.com\/festivalfilmarcheologienyon\" \/>\n<meta property=\"article:modified_time\" content=\"2026-01-28T14:40:40+00:00\" \/>\n<meta property=\"og:image\" content=\"https:\/\/fifan.ch\/wp-content\/uploads\/2026\/01\/2025_FIFAN_Ouverture_Jour_1-02027_BBanon_compressed.jpg\" \/>\n\t<meta property=\"og:image:width\" content=\"2048\" \/>\n\t<meta property=\"og:image:height\" content=\"1365\" \/>\n\t<meta property=\"og:image:type\" content=\"image\/jpeg\" \/>\n<meta name=\"twitter:card\" content=\"summary_large_image\" \/>\n<meta name=\"twitter:label1\" content=\"Est. reading time\" \/>\n\t<meta name=\"twitter:data1\" content=\"1 minute\" \/>\n<script type=\"application\/ld+json\" class=\"yoast-schema-graph\">{\"@context\":\"https:\\\/\\\/schema.org\",\"@graph\":[{\"@type\":[\"WebPage\",\"SearchResultsPage\"],\"@id\":\"https:\\\/\\\/fifan.ch\\\/programme\\\/\",\"url\":\"https:\\\/\\\/fifan.ch\\\/programme\\\/\",\"name\":\"Programme - FIFAN \u2013 Festival International du film d&#039;arch\u00e9ologie Nyon\",\"isPartOf\":{\"@id\":\"https:\\\/\\\/fifan.ch\\\/#website\"},\"primaryImageOfPage\":{\"@id\":\"https:\\\/\\\/fifan.ch\\\/programme\\\/#primaryimage\"},\"image\":{\"@id\":\"https:\\\/\\\/fifan.ch\\\/programme\\\/#primaryimage\"},\"thumbnailUrl\":\"https:\\\/\\\/fifan.ch\\\/wp-content\\\/uploads\\\/2026\\\/01\\\/2025_FIFAN_Ouverture_Jour_1-02027_BBanon_compressed.jpg\",\"datePublished\":\"2025-04-07T13:07:49+00:00\",\"dateModified\":\"2026-01-28T14:40:40+00:00\",\"description\":\"La 14e \u00e9dition du Festival international du film d\u2019arch\u00e9ologie de Nyon se tiendra du 2 au 7 septembre 2025 \u00e0 l\u2019Usine \u00e0 Gaz. Le programme du festival sera bient\u00f4t d\u00e9voil\u00e9.\",\"breadcrumb\":{\"@id\":\"https:\\\/\\\/fifan.ch\\\/programme\\\/#breadcrumb\"},\"inLanguage\":\"en-US\",\"potentialAction\":[{\"@type\":\"ReadAction\",\"target\":[\"https:\\\/\\\/fifan.ch\\\/programme\\\/\"]}]},{\"@type\":\"ImageObject\",\"inLanguage\":\"en-US\",\"@id\":\"https:\\\/\\\/fifan.ch\\\/programme\\\/#primaryimage\",\"url\":\"https:\\\/\\\/fifan.ch\\\/wp-content\\\/uploads\\\/2026\\\/01\\\/2025_FIFAN_Ouverture_Jour_1-02027_BBanon_compressed.jpg\",\"contentUrl\":\"https:\\\/\\\/fifan.ch\\\/wp-content\\\/uploads\\\/2026\\\/01\\\/2025_FIFAN_Ouverture_Jour_1-02027_BBanon_compressed.jpg\",\"width\":2048,\"height\":1365,\"caption\":\"Photo Mus\u00e9e Romain de Nyon \u00a9 Benjamin Banon\"},{\"@type\":\"BreadcrumbList\",\"@id\":\"https:\\\/\\\/fifan.ch\\\/programme\\\/#breadcrumb\",\"itemListElement\":[{\"@type\":\"ListItem\",\"position\":1,\"name\":\"Accueil\",\"item\":\"https:\\\/\\\/fifan.ch\\\/\"},{\"@type\":\"ListItem\",\"position\":2,\"name\":\"Programme\"}]},{\"@type\":\"WebSite\",\"@id\":\"https:\\\/\\\/fifan.ch\\\/#website\",\"url\":\"https:\\\/\\\/fifan.ch\\\/\",\"name\":\"FIFAN \u2013 Festival International du film d'arch\u00e9ologie Nyon\",\"description\":\"\",\"potentialAction\":[{\"@type\":\"SearchAction\",\"target\":{\"@type\":\"EntryPoint\",\"urlTemplate\":\"https:\\\/\\\/fifan.ch\\\/?s={search_term_string}\"},\"query-input\":{\"@type\":\"PropertyValueSpecification\",\"valueRequired\":true,\"valueName\":\"search_term_string\"}}],\"inLanguage\":\"en-US\"}]}<\/script>\n<!-- \/ Yoast SEO plugin. -->","yoast_head_json":{"title":"Program - FIFAN - International Festival of Films on Archaeology Nyon","description":"The 14th edition of the Nyon International Archaeology Film Festival will be held from September 2 to 7, 2025 at the Usine \u00e0 Gaz. The festival program will be announced shortly.","robots":{"index":"index","follow":"follow","max-snippet":"max-snippet:-1","max-image-preview":"max-image-preview:large","max-video-preview":"max-video-preview:-1"},"canonical":"https:\/\/fifan.ch\/en\/programme\/","og_locale":"en_US","og_type":"article","og_title":"Programme - FIFAN \u2013 Festival International du film d&#039;arch\u00e9ologie Nyon","og_description":"La 14e \u00e9dition du Festival international du film d\u2019arch\u00e9ologie de Nyon se tiendra du 2 au 7 septembre 2025 \u00e0 l\u2019Usine \u00e0 Gaz. Le programme du festival sera bient\u00f4t d\u00e9voil\u00e9.","og_url":"https:\/\/fifan.ch\/en\/programme\/","og_site_name":"FIFAN \u2013 Festival International du film d&#039;arch\u00e9ologie Nyon","article_publisher":"https:\/\/www.facebook.com\/festivalfilmarcheologienyon","article_modified_time":"2026-01-28T14:40:40+00:00","og_image":[{"width":2048,"height":1365,"url":"https:\/\/fifan.ch\/wp-content\/uploads\/2026\/01\/2025_FIFAN_Ouverture_Jour_1-02027_BBanon_compressed.jpg","type":"image\/jpeg"}],"twitter_card":"summary_large_image","twitter_misc":{"Est. reading time":"1 minute"},"schema":{"@context":"https:\/\/schema.org","@graph":[{"@type":["WebPage","SearchResultsPage"],"@id":"https:\/\/fifan.ch\/programme\/","url":"https:\/\/fifan.ch\/programme\/","name":"Program - FIFAN - International Festival of Films on Archaeology Nyon","isPartOf":{"@id":"https:\/\/fifan.ch\/#website"},"primaryImageOfPage":{"@id":"https:\/\/fifan.ch\/programme\/#primaryimage"},"image":{"@id":"https:\/\/fifan.ch\/programme\/#primaryimage"},"thumbnailUrl":"https:\/\/fifan.ch\/wp-content\/uploads\/2026\/01\/2025_FIFAN_Ouverture_Jour_1-02027_BBanon_compressed.jpg","datePublished":"2025-04-07T13:07:49+00:00","dateModified":"2026-01-28T14:40:40+00:00","description":"The 14th edition of the Nyon International Archaeology Film Festival will be held from September 2 to 7, 2025 at the Usine \u00e0 Gaz. The festival program will be announced shortly.","breadcrumb":{"@id":"https:\/\/fifan.ch\/programme\/#breadcrumb"},"inLanguage":"en-US","potentialAction":[{"@type":"ReadAction","target":["https:\/\/fifan.ch\/programme\/"]}]},{"@type":"ImageObject","inLanguage":"en-US","@id":"https:\/\/fifan.ch\/programme\/#primaryimage","url":"https:\/\/fifan.ch\/wp-content\/uploads\/2026\/01\/2025_FIFAN_Ouverture_Jour_1-02027_BBanon_compressed.jpg","contentUrl":"https:\/\/fifan.ch\/wp-content\/uploads\/2026\/01\/2025_FIFAN_Ouverture_Jour_1-02027_BBanon_compressed.jpg","width":2048,"height":1365,"caption":"Photo Mus\u00e9e Romain de Nyon \u00a9 Benjamin Banon"},{"@type":"BreadcrumbList","@id":"https:\/\/fifan.ch\/programme\/#breadcrumb","itemListElement":[{"@type":"ListItem","position":1,"name":"Accueil","item":"https:\/\/fifan.ch\/"},{"@type":"ListItem","position":2,"name":"Programme"}]},{"@type":"WebSite","@id":"https:\/\/fifan.ch\/#website","url":"https:\/\/fifan.ch\/","name":"FIFAN - International Archaeology Film Festival Nyon","description":"","potentialAction":[{"@type":"SearchAction","target":{"@type":"EntryPoint","urlTemplate":"https:\/\/fifan.ch\/?s={search_term_string}"},"query-input":{"@type":"PropertyValueSpecification","valueRequired":true,"valueName":"search_term_string"}}],"inLanguage":"en-US"}]}},"_links":{"self":[{"href":"https:\/\/fifan.ch\/en\/wp-json\/wp\/v2\/pages\/50","targetHints":{"allow":["GET"]}}],"collection":[{"href":"https:\/\/fifan.ch\/en\/wp-json\/wp\/v2\/pages"}],"about":[{"href":"https:\/\/fifan.ch\/en\/wp-json\/wp\/v2\/types\/page"}],"author":[{"embeddable":true,"href":"https:\/\/fifan.ch\/en\/wp-json\/wp\/v2\/users\/1"}],"replies":[{"embeddable":true,"href":"https:\/\/fifan.ch\/en\/wp-json\/wp\/v2\/comments?post=50"}],"version-history":[{"count":7,"href":"https:\/\/fifan.ch\/en\/wp-json\/wp\/v2\/pages\/50\/revisions"}],"predecessor-version":[{"id":514,"href":"https:\/\/fifan.ch\/en\/wp-json\/wp\/v2\/pages\/50\/revisions\/514"}],"wp:featuredmedia":[{"embeddable":true,"href":"https:\/\/fifan.ch\/en\/wp-json\/wp\/v2\/media\/1018"}],"wp:attachment":[{"href":"https:\/\/fifan.ch\/en\/wp-json\/wp\/v2\/media?parent=50"}],"curies":[{"name":"wp","href":"https:\/\/api.w.org\/{rel}","templated":true}]}}