{"id":262,"date":"2025-05-13T13:09:31","date_gmt":"2025-05-13T11:09:31","guid":{"rendered":"https:\/\/hawai.li\/fifan\/?page_id=262"},"modified":"2025-05-13T13:09:31","modified_gmt":"2025-05-13T11:09:31","slug":"statuts-de-lassociation","status":"publish","type":"page","link":"https:\/\/fifan.ch\/en\/lassociation\/statuts-de-lassociation\/","title":{"rendered":"Articles of association"},"content":{"rendered":"<p><strong>I. Name, registered office, duration<\/strong><\/p>\n\n\n\n<p><strong>Article 1<\/strong><br>Under the name \" <em>Nyon International Archaeology Film Festival <\/em>\"(F.I.F.A.N.), a not-for-profit association within the meaning of Articles 60 et seq. of the Swiss Civil Code.&nbsp; &nbsp; &nbsp; &nbsp; &nbsp; &nbsp; &nbsp; &nbsp; &nbsp; &nbsp; &nbsp; &nbsp; &nbsp; &nbsp; &nbsp; &nbsp; &nbsp; <\/p>\n\n\n\n<p><strong>Article 2<\/strong><br>The association's head office is in Nyon.<\/p>\n\n\n\n<p><strong>Article 3<\/strong><br>The association is created for an indefinite period.<\/p>\n\n\n\n<p><strong>II. Purpose<\/strong><\/p>\n\n\n\n<p><strong>Article 4<\/strong><br>The purpose of the association is to organize, develop and promote the <em>Nyon International Archaeology Film Festival<\/em>. It works towards this goal in close collaboration with the Roman Museum of Nyon, its founder and long-standing partner.<\/p>\n\n\n\n<p><strong>III. Members<\/strong><\/p>\n\n\n\n<p><strong>Article 5<\/strong><br>The association is open to any natural or legal person who applies for membership and adheres to these articles of association. The Committee decides on admissions, which it may refuse without giving reasons.<\/p>\n\n\n\n<p><strong>Article 6<\/strong><br>Each member pays an annual membership fee, the amount of which is set by the General Meeting.<\/p>\n\n\n\n<p><strong>Article 7<\/strong><br>Each member has one vote at the Annual General Meeting and must exercise this right personally.<\/p>\n\n\n\n<p><strong>Article 8<\/strong><br>Membership is lost by :<\/p>\n\n\n\n<ol class=\"wp-block-list\">\n<li>Resignation must be made in writing to the Committee, three months in advance, by the end of the financial year; the membership fee for the year remains payable.<\/li>\n\n\n\n<li>Exclusion, pronounced by the Committee for just cause; the Committee is not obliged to communicate the reasons for exclusion. The decision is notified in writing to the member concerned. The excluded member may appeal against this decision to the General Meeting, by registered letter addressed to the Committee, within thirty days of notification of the decision.&nbsp;<\/li>\n<\/ol>\n\n\n\n<p><strong>&nbsp;IV. Resources<\/strong><\/p>\n\n\n\n<p><strong>Article 9<\/strong><br>The association's resources include :<\/p>\n\n\n\n<ul class=\"wp-block-list\">\n<li>contributions<\/li>\n\n\n\n<li>donations, bequests, subsidies and public and private contributions<\/li>\n\n\n\n<li>ancillary, occasional or advertising products<\/li>\n<\/ul>\n\n\n\n<p><strong>Article 10<\/strong><br>The association is liable for its debts only from its corporate assets. Members assume no personal liability for the Association's commitments.<\/p>\n\n\n\n<p><strong>V. Organization and representation<\/strong><\/p>\n\n\n\n<p><strong>Article 11<\/strong><br>The association's governing bodies are :<\/p>\n\n\n\n<ul class=\"wp-block-list\">\n<li>Annual General Meeting<\/li>\n\n\n\n<li>the Committee<\/li>\n\n\n\n<li>the auditors<\/li>\n<\/ul>\n\n\n\n<p><strong>Article 12<\/strong><br>The General Meeting has the following inalienable powers:<\/p>\n\n\n\n<ul class=\"wp-block-list\">\n<li>appointment of the Committee and auditors<\/li>\n\n\n\n<li>appointment of Festival Director<\/li>\n\n\n\n<li>validation of the association's general orientations proposed by the Committee in collaboration with the Festival Director<\/li>\n\n\n\n<li>approval of reports, accounts and budget<\/li>\n\n\n\n<li>setting annual membership fees<\/li>\n\n\n\n<li>modification of the bylaws, by a 2\/3 majority of votes cast<\/li>\n\n\n\n<li>dissolution and liquidation of the association, by a 2\/3 majority of votes cast<\/li>\n<\/ul>\n\n\n\n<p><strong>Article 13<\/strong><\/p>\n\n\n\n<ol class=\"wp-block-list\">\n<li>The Annual General Meeting meets once a year.<\/li>\n\n\n\n<li>An Extraordinary General Meeting may be called as often as the Committee deems necessary, or by one-fifth of the members.<\/li>\n\n\n\n<li>Notice of meetings, including the agenda, must be sent to members at least fifteen days before the set date.<\/li>\n<\/ol>\n\n\n\n<p><strong>Article 14<\/strong><\/p>\n\n\n\n<ol class=\"wp-block-list\">\n<li>The Board is the association's executive body. It represents the association in dealings with third parties. It is responsible for the smooth running of the association.<\/li>\n\n\n\n<li>The Committee draws up the terms of reference for the Festival Director.<\/li>\n\n\n\n<li>The Committee, in collaboration with the Festival Director, defines the general direction of the association.<\/li>\n<\/ol>\n\n\n\n<p><strong>Article 15<\/strong><\/p>\n\n\n\n<ol class=\"wp-block-list\">\n<li>The Committee is made up of five to nine members, including, if possible, a representative of the Ville de Nyon.<\/li>\n\n\n\n<li>The curator of the Roman Museum of Nyon is a member \"ex officio\".<\/li>\n\n\n\n<li>Committee members are elected by the General Meeting for a renewable 2-year term. The Committee is made up of at least one president, with the possibility of co-presidency, one secretary and one treasurer. It is responsible for its own internal organization.<\/li>\n\n\n\n<li>The Festival Director participates in the Committee in an advisory capacity.<\/li>\n<\/ol>\n\n\n\n<p><strong>Article 16<\/strong><\/p>\n\n\n\n<ol class=\"wp-block-list\">\n<li>The Committee is empowered to take decisions when at least a majority of members are present. Decisions are taken by a relative majority of votes cast.<\/li>\n\n\n\n<li>Each member is entitled to one vote.<\/li>\n\n\n\n<li>In the event of a tie, the co-chairman's vote is decisive.<\/li>\n<\/ol>\n\n\n\n<p><strong>Article 17<\/strong><\/p>\n\n\n\n<p>a) The Committee's powers include the following:<\/p>\n\n\n\n<ul class=\"wp-block-list\">\n<li>Contribution to the organization of the <em>Nyon International Archaeology Film Festival <\/em>\"With the support of the Service de la Culture and the Mus\u00e9e romain de Nyon.<\/li>\n\n\n\n<li>Contribution to the development of <em>Nyon International Archaeology Film Festival <\/em>\"<\/li>\n\n\n\n<li>Contributing to the promotion of <em>Nyon International Archaeology Film Festival <\/em>\"<\/li>\n\n\n\n<li>Contribution to fundraising<\/li>\n\n\n\n<li>Allocation of funds<\/li>\n\n\n\n<li>Implementation of General Meeting decisions<\/li>\n\n\n\n<li>Managing the association's day-to-day business<\/li>\n\n\n\n<li>Financial management<\/li>\n\n\n\n<li>Admission and exclusion of members&nbsp;&nbsp;<\/li>\n<\/ul>\n\n\n\n<p>b) The Board of Directors validly binds the Association by collective signature of two persons. It appoints a 3<sup>e<\/sup> alternate member if one of the 2 members with signing authority is unavailable.<\/p>\n\n\n\n<p><strong>VI. Final provisions<\/strong><\/p>\n\n\n\n<p><strong>Article 18<\/strong><br>The dissolution of the association may only be decided at the request of the Board or of half the members, at an Extraordinary General Meeting. The decision to dissolve must be approved by 2\/3 of the members.<\/p>\n\n\n\n<p>In the event of dissolution, any assets of the association will be transferred to another association with similar aims, as decided by the General Meeting.<\/p>\n\n\n\n<p>These Articles of Association were adopted at the Constituent Meeting on Monday, November 24, 2014, in Nyon. They will be amended and approved at the Annual General Meeting on June 20, 2022.<\/p>\n\n\n\n<p>For the Committee :<\/p>\n\n\n\n<p>Jordan Anastassov, Co-President\u00a0\u00a0\u00a0\u00a0\u00a0\u00a0\u00a0\u00a0\u00a0\u00a0\u00a0 <\/p>\n\n\n\n<p>Eric Huysecom, Co-President\u00a0\u00a0\u00a0\u00a0\u00a0\u00a0\u00a0\u00a0\u00a0\u00a0\u00a0<\/p>\n\n\n\n<p>V\u00e9ronique Rey-Vodoz, Committee member<\/p>","protected":false},"excerpt":{"rendered":"<p>I. Nom, si\u00e8ge, dur\u00e9e Article 1Il est cr\u00e9\u00e9, sous le nom \u00ab Festival International du film d\u2019Arch\u00e9ologie de Nyon \u00bb (F.I.F.A.N.), une association \u00e0 but non lucratif, au sens des articles 60 et suivants du Code civil suisse.&nbsp; &nbsp; &nbsp; &nbsp; &nbsp; &nbsp; &nbsp; &nbsp; &nbsp; &nbsp; &nbsp; &nbsp; &nbsp; &nbsp; &nbsp; &nbsp; &nbsp; Article [&hellip;]<\/p>\n","protected":false},"author":2,"featured_media":0,"parent":52,"menu_order":0,"comment_status":"closed","ping_status":"closed","template":"","meta":{"_acf_changed":false,"footnotes":""},"class_list":["post-262","page","type-page","status-publish","hentry"],"acf":[],"yoast_head":"<!-- This site is optimized with the Yoast SEO plugin v27.4 - https:\/\/yoast.com\/product\/yoast-seo-wordpress\/ -->\n<title>Statuts de l&#039;association - FIFAN \u2013 Festival International du film d&#039;arch\u00e9ologie Nyon<\/title>\n<meta name=\"robots\" content=\"index, follow, max-snippet:-1, max-image-preview:large, max-video-preview:-1\" \/>\n<link rel=\"canonical\" href=\"https:\/\/fifan.ch\/en\/lassociation\/statuts-de-lassociation\/\" \/>\n<meta property=\"og:locale\" content=\"en_US\" \/>\n<meta property=\"og:type\" content=\"article\" \/>\n<meta property=\"og:title\" content=\"Statuts de l&#039;association - FIFAN \u2013 Festival International du film d&#039;arch\u00e9ologie Nyon\" \/>\n<meta property=\"og:description\" content=\"I. Nom, si\u00e8ge, dur\u00e9e Article 1Il est cr\u00e9\u00e9, sous le nom \u00ab Festival International du film d\u2019Arch\u00e9ologie de Nyon \u00bb (F.I.F.A.N.), une association \u00e0 but non lucratif, au sens des articles 60 et suivants du Code civil suisse.&nbsp; &nbsp; &nbsp; &nbsp; &nbsp; &nbsp; &nbsp; &nbsp; &nbsp; &nbsp; &nbsp; &nbsp; &nbsp; &nbsp; &nbsp; &nbsp; &nbsp; Article [&hellip;]\" \/>\n<meta property=\"og:url\" content=\"https:\/\/fifan.ch\/en\/lassociation\/statuts-de-lassociation\/\" \/>\n<meta property=\"og:site_name\" content=\"FIFAN \u2013 Festival International du film d&#039;arch\u00e9ologie Nyon\" \/>\n<meta property=\"article:publisher\" content=\"https:\/\/www.facebook.com\/festivalfilmarcheologienyon\" \/>\n<meta name=\"twitter:card\" content=\"summary_large_image\" \/>\n<meta name=\"twitter:label1\" content=\"Est. reading time\" \/>\n\t<meta name=\"twitter:data1\" content=\"5 minutes\" \/>\n<script type=\"application\/ld+json\" class=\"yoast-schema-graph\">{\"@context\":\"https:\\\/\\\/schema.org\",\"@graph\":[{\"@type\":\"WebPage\",\"@id\":\"https:\\\/\\\/fifan.ch\\\/lassociation\\\/statuts-de-lassociation\\\/\",\"url\":\"https:\\\/\\\/fifan.ch\\\/lassociation\\\/statuts-de-lassociation\\\/\",\"name\":\"Statuts de l'association - FIFAN \u2013 Festival International du film d&#039;arch\u00e9ologie Nyon\",\"isPartOf\":{\"@id\":\"https:\\\/\\\/fifan.ch\\\/#website\"},\"datePublished\":\"2025-05-13T11:09:31+00:00\",\"breadcrumb\":{\"@id\":\"https:\\\/\\\/fifan.ch\\\/lassociation\\\/statuts-de-lassociation\\\/#breadcrumb\"},\"inLanguage\":\"en-US\",\"potentialAction\":[{\"@type\":\"ReadAction\",\"target\":[\"https:\\\/\\\/fifan.ch\\\/lassociation\\\/statuts-de-lassociation\\\/\"]}]},{\"@type\":\"BreadcrumbList\",\"@id\":\"https:\\\/\\\/fifan.ch\\\/lassociation\\\/statuts-de-lassociation\\\/#breadcrumb\",\"itemListElement\":[{\"@type\":\"ListItem\",\"position\":1,\"name\":\"Accueil\",\"item\":\"https:\\\/\\\/fifan.ch\\\/\"},{\"@type\":\"ListItem\",\"position\":2,\"name\":\"L&rsquo;association\",\"item\":\"https:\\\/\\\/fifan.ch\\\/lassociation\\\/\"},{\"@type\":\"ListItem\",\"position\":3,\"name\":\"Statuts de l&rsquo;association\"}]},{\"@type\":\"WebSite\",\"@id\":\"https:\\\/\\\/fifan.ch\\\/#website\",\"url\":\"https:\\\/\\\/fifan.ch\\\/\",\"name\":\"FIFAN \u2013 Festival International du film d'arch\u00e9ologie Nyon\",\"description\":\"\",\"potentialAction\":[{\"@type\":\"SearchAction\",\"target\":{\"@type\":\"EntryPoint\",\"urlTemplate\":\"https:\\\/\\\/fifan.ch\\\/?s={search_term_string}\"},\"query-input\":{\"@type\":\"PropertyValueSpecification\",\"valueRequired\":true,\"valueName\":\"search_term_string\"}}],\"inLanguage\":\"en-US\"}]}<\/script>\n<!-- \/ Yoast SEO plugin. -->","yoast_head_json":{"title":"Bylaws of the Association - FIFAN \u2013 Nyon International Archaeology Film Festival","robots":{"index":"index","follow":"follow","max-snippet":"max-snippet:-1","max-image-preview":"max-image-preview:large","max-video-preview":"max-video-preview:-1"},"canonical":"https:\/\/fifan.ch\/en\/lassociation\/statuts-de-lassociation\/","og_locale":"en_US","og_type":"article","og_title":"Statuts de l'association - FIFAN \u2013 Festival International du film d&#039;arch\u00e9ologie Nyon","og_description":"I. Nom, si\u00e8ge, dur\u00e9e Article 1Il est cr\u00e9\u00e9, sous le nom \u00ab Festival International du film d\u2019Arch\u00e9ologie de Nyon \u00bb (F.I.F.A.N.), une association \u00e0 but non lucratif, au sens des articles 60 et suivants du Code civil suisse.&nbsp; &nbsp; &nbsp; &nbsp; &nbsp; &nbsp; &nbsp; &nbsp; &nbsp; &nbsp; &nbsp; &nbsp; &nbsp; &nbsp; &nbsp; &nbsp; &nbsp; Article [&hellip;]","og_url":"https:\/\/fifan.ch\/en\/lassociation\/statuts-de-lassociation\/","og_site_name":"FIFAN \u2013 Festival International du film d&#039;arch\u00e9ologie Nyon","article_publisher":"https:\/\/www.facebook.com\/festivalfilmarcheologienyon","twitter_card":"summary_large_image","twitter_misc":{"Est. reading time":"5 minutes"},"schema":{"@context":"https:\/\/schema.org","@graph":[{"@type":"WebPage","@id":"https:\/\/fifan.ch\/lassociation\/statuts-de-lassociation\/","url":"https:\/\/fifan.ch\/lassociation\/statuts-de-lassociation\/","name":"Bylaws of the Association - FIFAN \u2013 Nyon International Archaeology Film Festival","isPartOf":{"@id":"https:\/\/fifan.ch\/#website"},"datePublished":"2025-05-13T11:09:31+00:00","breadcrumb":{"@id":"https:\/\/fifan.ch\/lassociation\/statuts-de-lassociation\/#breadcrumb"},"inLanguage":"en-US","potentialAction":[{"@type":"ReadAction","target":["https:\/\/fifan.ch\/lassociation\/statuts-de-lassociation\/"]}]},{"@type":"BreadcrumbList","@id":"https:\/\/fifan.ch\/lassociation\/statuts-de-lassociation\/#breadcrumb","itemListElement":[{"@type":"ListItem","position":1,"name":"Accueil","item":"https:\/\/fifan.ch\/"},{"@type":"ListItem","position":2,"name":"L&rsquo;association","item":"https:\/\/fifan.ch\/lassociation\/"},{"@type":"ListItem","position":3,"name":"Statuts de l&rsquo;association"}]},{"@type":"WebSite","@id":"https:\/\/fifan.ch\/#website","url":"https:\/\/fifan.ch\/","name":"FIFAN - International Archaeology Film Festival Nyon","description":"","potentialAction":[{"@type":"SearchAction","target":{"@type":"EntryPoint","urlTemplate":"https:\/\/fifan.ch\/?s={search_term_string}"},"query-input":{"@type":"PropertyValueSpecification","valueRequired":true,"valueName":"search_term_string"}}],"inLanguage":"en-US"}]}},"_links":{"self":[{"href":"https:\/\/fifan.ch\/en\/wp-json\/wp\/v2\/pages\/262","targetHints":{"allow":["GET"]}}],"collection":[{"href":"https:\/\/fifan.ch\/en\/wp-json\/wp\/v2\/pages"}],"about":[{"href":"https:\/\/fifan.ch\/en\/wp-json\/wp\/v2\/types\/page"}],"author":[{"embeddable":true,"href":"https:\/\/fifan.ch\/en\/wp-json\/wp\/v2\/users\/2"}],"replies":[{"embeddable":true,"href":"https:\/\/fifan.ch\/en\/wp-json\/wp\/v2\/comments?post=262"}],"version-history":[{"count":4,"href":"https:\/\/fifan.ch\/en\/wp-json\/wp\/v2\/pages\/262\/revisions"}],"predecessor-version":[{"id":266,"href":"https:\/\/fifan.ch\/en\/wp-json\/wp\/v2\/pages\/262\/revisions\/266"}],"up":[{"embeddable":true,"href":"https:\/\/fifan.ch\/en\/wp-json\/wp\/v2\/pages\/52"}],"wp:attachment":[{"href":"https:\/\/fifan.ch\/en\/wp-json\/wp\/v2\/media?parent=262"}],"curies":[{"name":"wp","href":"https:\/\/api.w.org\/{rel}","templated":true}]}}