{"id":260,"date":"2025-05-13T12:58:07","date_gmt":"2025-05-13T10:58:07","guid":{"rendered":"https:\/\/hawai.li\/fifan\/?page_id=260"},"modified":"2025-05-13T12:58:07","modified_gmt":"2025-05-13T10:58:07","slug":"politique-de-confidentialite-2","status":"publish","type":"page","link":"https:\/\/fifan.ch\/en\/politique-de-confidentialite-2\/","title":{"rendered":"Privacy policy"},"content":{"rendered":"<p>The website www.fifan.ch is published by the Roman Museum of Nyon, part of the City of Nyon. Persons accessing this site declare that they accept the following conditions<\/p>\n\n\n\n<h2 class=\"wp-block-heading\">Liability<\/h2>\n\n\n\n<p>The City of Nyon endeavors to provide accurate and up-to-date information on its website. However, the City of Nyon makes no representation or warranty, express or implied, as to the accuracy or completeness of the information contained or referenced therein. The City of Nyon accepts no responsibility whatsoever for the use of the information contained or referenced on this site. The City of Nyon cannot be held responsible for any disruption to the site. All users of the site irrevocably undertake to comply with international, federal and cantonal laws, in particular with regard to data protection, telecommunications and copyright.<\/p>\n\n\n\n<p>The City of Nyon has no influence whatsoever on the information accessible via external links to other websites and therefore accepts no responsibility for the content of these sites.<\/p>\n\n\n\n<h2 class=\"wp-block-heading\">Copyright<\/h2>\n\n\n\n<p>No part of the www.fifan.ch website, whether graphic, iconographic, textual, videographic or audio, may be copied, republished, stored in a search and retrieval system or reproduced in any form or by any means without the express permission of the City of Nyon. The content of this website is the sole responsibility of the City of Nyon. However, some pages may contain text and images protected by third-party copyright.<\/p>\n\n\n\n<h2 class=\"wp-block-heading\">Security and data protection<\/h2>\n\n\n\n<p>Users of the www.fifan.ch website may be asked to provide certain personal information. By registering to provide services to the public, you authorize the Ville de Nyon to check your authentication in order to carry out and process transactions with the municipal administration. Web-based transactions are subject to the same data protection regulations as conventional transactions. Data protection regulations are therefore complied with in full.<\/p>\n\n\n\n<p>As part of your subscription to our newsletter, the data you provide (e-mail address, name, etc.) is transmitted to and stored with our service provider Brevo (Sendinblue SAS), which acts as a subcontractor in accordance with the requirements of the RGPD\/LPD. This data is used exclusively for sending FIFAN-related information. You can unsubscribe at any time via the link present in each mailing. For further information, please consult the <a href=\"https:\/\/www.brevo.com\/fr\/legal\/privacypolicy\/\">Brevo privacy policy<\/a>.<\/p>","protected":false},"excerpt":{"rendered":"<p>Le site web www.fifan.ch est \u00e9dit\u00e9 par le Mus\u00e9e romain de Nyon, d\u00e9pendant de la Ville de Nyon. Les personnes qui acc\u00e8dent \u00e0 ce site d\u00e9clarent accepter les conditions suivantes Responsabilit\u00e9 La Ville de Nyon s\u2019efforce de donner des informations exactes et actualis\u00e9es sur son site. Toutefois, la Ville de Nyon n\u2019offre aucune garantie, explicite [&hellip;]<\/p>\n","protected":false},"author":2,"featured_media":0,"parent":0,"menu_order":0,"comment_status":"closed","ping_status":"closed","template":"","meta":{"_acf_changed":false,"footnotes":""},"class_list":["post-260","page","type-page","status-publish","hentry"],"acf":[],"yoast_head":"<!-- This site is optimized with the Yoast SEO plugin v27.4 - https:\/\/yoast.com\/product\/yoast-seo-wordpress\/ -->\n<title>Politique de confidentialit\u00e9 - FIFAN \u2013 Festival International du film d&#039;arch\u00e9ologie Nyon<\/title>\n<meta name=\"robots\" content=\"index, follow, max-snippet:-1, max-image-preview:large, max-video-preview:-1\" \/>\n<link rel=\"canonical\" href=\"https:\/\/fifan.ch\/en\/politique-de-confidentialite-2\/\" \/>\n<meta property=\"og:locale\" content=\"en_US\" \/>\n<meta property=\"og:type\" content=\"article\" \/>\n<meta property=\"og:title\" content=\"Politique de confidentialit\u00e9 - FIFAN \u2013 Festival International du film d&#039;arch\u00e9ologie Nyon\" \/>\n<meta property=\"og:description\" content=\"Le site web www.fifan.ch est \u00e9dit\u00e9 par le Mus\u00e9e romain de Nyon, d\u00e9pendant de la Ville de Nyon. Les personnes qui acc\u00e8dent \u00e0 ce site d\u00e9clarent accepter les conditions suivantes Responsabilit\u00e9 La Ville de Nyon s\u2019efforce de donner des informations exactes et actualis\u00e9es sur son site. Toutefois, la Ville de Nyon n\u2019offre aucune garantie, explicite [&hellip;]\" \/>\n<meta property=\"og:url\" content=\"https:\/\/fifan.ch\/en\/politique-de-confidentialite-2\/\" \/>\n<meta property=\"og:site_name\" content=\"FIFAN \u2013 Festival International du film d&#039;arch\u00e9ologie Nyon\" \/>\n<meta property=\"article:publisher\" content=\"https:\/\/www.facebook.com\/festivalfilmarcheologienyon\" \/>\n<meta name=\"twitter:card\" content=\"summary_large_image\" \/>\n<meta name=\"twitter:label1\" content=\"Est. reading time\" \/>\n\t<meta name=\"twitter:data1\" content=\"2 minutes\" \/>\n<script type=\"application\/ld+json\" class=\"yoast-schema-graph\">{\"@context\":\"https:\\\/\\\/schema.org\",\"@graph\":[{\"@type\":\"WebPage\",\"@id\":\"https:\\\/\\\/fifan.ch\\\/politique-de-confidentialite-2\\\/\",\"url\":\"https:\\\/\\\/fifan.ch\\\/politique-de-confidentialite-2\\\/\",\"name\":\"Politique de confidentialit\u00e9 - FIFAN \u2013 Festival International du film d&#039;arch\u00e9ologie Nyon\",\"isPartOf\":{\"@id\":\"https:\\\/\\\/fifan.ch\\\/#website\"},\"datePublished\":\"2025-05-13T10:58:07+00:00\",\"breadcrumb\":{\"@id\":\"https:\\\/\\\/fifan.ch\\\/politique-de-confidentialite-2\\\/#breadcrumb\"},\"inLanguage\":\"en-US\",\"potentialAction\":[{\"@type\":\"ReadAction\",\"target\":[\"https:\\\/\\\/fifan.ch\\\/politique-de-confidentialite-2\\\/\"]}]},{\"@type\":\"BreadcrumbList\",\"@id\":\"https:\\\/\\\/fifan.ch\\\/politique-de-confidentialite-2\\\/#breadcrumb\",\"itemListElement\":[{\"@type\":\"ListItem\",\"position\":1,\"name\":\"Accueil\",\"item\":\"https:\\\/\\\/fifan.ch\\\/\"},{\"@type\":\"ListItem\",\"position\":2,\"name\":\"Politique de confidentialit\u00e9\"}]},{\"@type\":\"WebSite\",\"@id\":\"https:\\\/\\\/fifan.ch\\\/#website\",\"url\":\"https:\\\/\\\/fifan.ch\\\/\",\"name\":\"FIFAN \u2013 Festival International du film d'arch\u00e9ologie Nyon\",\"description\":\"\",\"potentialAction\":[{\"@type\":\"SearchAction\",\"target\":{\"@type\":\"EntryPoint\",\"urlTemplate\":\"https:\\\/\\\/fifan.ch\\\/?s={search_term_string}\"},\"query-input\":{\"@type\":\"PropertyValueSpecification\",\"valueRequired\":true,\"valueName\":\"search_term_string\"}}],\"inLanguage\":\"en-US\"}]}<\/script>\n<!-- \/ Yoast SEO plugin. -->","yoast_head_json":{"title":"Privacy Policy - FIFAN \u2013 Nyon International Archaeology Film Festival","robots":{"index":"index","follow":"follow","max-snippet":"max-snippet:-1","max-image-preview":"max-image-preview:large","max-video-preview":"max-video-preview:-1"},"canonical":"https:\/\/fifan.ch\/en\/politique-de-confidentialite-2\/","og_locale":"en_US","og_type":"article","og_title":"Politique de confidentialit\u00e9 - FIFAN \u2013 Festival International du film d&#039;arch\u00e9ologie Nyon","og_description":"Le site web www.fifan.ch est \u00e9dit\u00e9 par le Mus\u00e9e romain de Nyon, d\u00e9pendant de la Ville de Nyon. Les personnes qui acc\u00e8dent \u00e0 ce site d\u00e9clarent accepter les conditions suivantes Responsabilit\u00e9 La Ville de Nyon s\u2019efforce de donner des informations exactes et actualis\u00e9es sur son site. Toutefois, la Ville de Nyon n\u2019offre aucune garantie, explicite [&hellip;]","og_url":"https:\/\/fifan.ch\/en\/politique-de-confidentialite-2\/","og_site_name":"FIFAN \u2013 Festival International du film d&#039;arch\u00e9ologie Nyon","article_publisher":"https:\/\/www.facebook.com\/festivalfilmarcheologienyon","twitter_card":"summary_large_image","twitter_misc":{"Est. reading time":"2 minutes"},"schema":{"@context":"https:\/\/schema.org","@graph":[{"@type":"WebPage","@id":"https:\/\/fifan.ch\/politique-de-confidentialite-2\/","url":"https:\/\/fifan.ch\/politique-de-confidentialite-2\/","name":"Privacy Policy - FIFAN \u2013 Nyon International Archaeology Film Festival","isPartOf":{"@id":"https:\/\/fifan.ch\/#website"},"datePublished":"2025-05-13T10:58:07+00:00","breadcrumb":{"@id":"https:\/\/fifan.ch\/politique-de-confidentialite-2\/#breadcrumb"},"inLanguage":"en-US","potentialAction":[{"@type":"ReadAction","target":["https:\/\/fifan.ch\/politique-de-confidentialite-2\/"]}]},{"@type":"BreadcrumbList","@id":"https:\/\/fifan.ch\/politique-de-confidentialite-2\/#breadcrumb","itemListElement":[{"@type":"ListItem","position":1,"name":"Accueil","item":"https:\/\/fifan.ch\/"},{"@type":"ListItem","position":2,"name":"Politique de confidentialit\u00e9"}]},{"@type":"WebSite","@id":"https:\/\/fifan.ch\/#website","url":"https:\/\/fifan.ch\/","name":"FIFAN - International Archaeology Film Festival Nyon","description":"","potentialAction":[{"@type":"SearchAction","target":{"@type":"EntryPoint","urlTemplate":"https:\/\/fifan.ch\/?s={search_term_string}"},"query-input":{"@type":"PropertyValueSpecification","valueRequired":true,"valueName":"search_term_string"}}],"inLanguage":"en-US"}]}},"_links":{"self":[{"href":"https:\/\/fifan.ch\/en\/wp-json\/wp\/v2\/pages\/260","targetHints":{"allow":["GET"]}}],"collection":[{"href":"https:\/\/fifan.ch\/en\/wp-json\/wp\/v2\/pages"}],"about":[{"href":"https:\/\/fifan.ch\/en\/wp-json\/wp\/v2\/types\/page"}],"author":[{"embeddable":true,"href":"https:\/\/fifan.ch\/en\/wp-json\/wp\/v2\/users\/2"}],"replies":[{"embeddable":true,"href":"https:\/\/fifan.ch\/en\/wp-json\/wp\/v2\/comments?post=260"}],"version-history":[{"count":1,"href":"https:\/\/fifan.ch\/en\/wp-json\/wp\/v2\/pages\/260\/revisions"}],"predecessor-version":[{"id":261,"href":"https:\/\/fifan.ch\/en\/wp-json\/wp\/v2\/pages\/260\/revisions\/261"}],"wp:attachment":[{"href":"https:\/\/fifan.ch\/en\/wp-json\/wp\/v2\/media?parent=260"}],"curies":[{"name":"wp","href":"https:\/\/api.w.org\/{rel}","templated":true}]}}